{"id":663,"date":"2016-04-28T04:34:04","date_gmt":"2016-04-28T03:34:04","guid":{"rendered":"http:\/\/infinity.com.hr\/?page_id=663"},"modified":"2016-04-28T04:42:13","modified_gmt":"2016-04-28T03:42:13","slug":"prednosti-i-nedostatci-infinity-verzija","status":"publish","type":"page","link":"https:\/\/www.appcrobms.com\/hr\/prednosti-i-nedostatci-infinity-verzija\/","title":{"rendered":"Prednosti i nedostatci Infinity verzija"},"content":{"rendered":"<div class=\"row\">\n\t\t<div class=\"g6\">\n<h3>PREDNOSTI INFINITY ENTERPRISE MODELA:<\/h3>\n<ul>\n<li>Mogu\u0107nost kori\u0161tenja sustava na vlastitom serveru (interno unutar VPN mre\u017ee tvrtke ili putem udaljenog servera).<\/li>\n<li>Mogu\u0107 razvoj novih funkcionalnosti sustava, te prilagodba sustava prema svojim \u017eeljama i specifi\u010dnim potrebama.<\/li>\n<li>Sustav nema ograni\u010denja na broj korisnika koji koriste sustava unutar tvrtke (Infinity Cloud je limitiran na 25 korisnika).<\/li>\n<li>Podr\u017eane su bilo kakve vrste integracija s drugim internim sustavima korisnika (npr. ERP, DMS, vlastita rje\u0161enja).<\/li>\n<li>Infinity Enterprise je pogodan za male i velike tvrtke koje \u017eele integraciju i prilagodbu prema svojim potrebama.<\/li>\n<li>Pohrana digitalnih dokumenata mo\u017ee se vr\u0161iti na lokalni storage server, lokalni dms, file system, bazu ili Cloud servis).<\/li>\n<li>Velika fleksibilnost i dugoro\u010dno manji tro\u0161ak jer se ranim prelaskom na Infinity Enterprise ne tro\u0161i novac na najam.<\/li>\n<li>Velika brzina u radu sustava uz fleksibilnu mogu\u0107nost pove\u0107avanja serverskih resursa (procesor, radna memorija, disk).<\/li>\n<li>Ne postoji ograni\u010denje na maksimalni broj govornih kanala kod kori\u0161tenja 3CX VoIP platforme u Enterprise modelu.<\/li>\n<li>Ve\u0107e povjerenje korisnika u rje\u0161enje koje mo\u017ee imati u vlastitom okru\u017eenju ili na vlastitom serveru.<\/li>\n<li>Mogu\u0107nost ugovaranja SLA (Service Level Agreement) razine korisni\u010dke podr\u0161ke za usluge odr\u017eavanja.<\/li>\n<li>Mogu\u0107nost fleksibilne prilagodbe infrastrukture i raspodijele resursa, te kontinuirani nadzor sustava i logova.<\/li>\n<\/ul>\n<h3>NEDOSTACI INFINITY ENTERPRISE MODELA:<\/h3>\n<ul>\n<li>Vi\u0161a cijena kupnje sustava u odnosu na mjese\u010dni najam sustava i kori\u0161tenje putem Infinity Cloud modela.<\/li>\n<li>Ve\u0107i tro\u0161kovi odr\u017eavanja vlastite verzije sustava u odnosu na Infinity Cloud dijeljenu web platformu.<\/li>\n<li>Dodatni opcionalni direktni tro\u0161kovi vezani uz kupnju (hardvera, licenci, baze podatka, OS i aplikacijskog servera).<\/li>\n<\/ul>\n<\/div><div class=\"g6\">\n<h3>PREDNOSTI INFINITY CLOUD MODELA:<\/h3>\n<ul>\n<li>Jednostavnija odluka za kupnju zbog znatno ni\u017ee po\u010detne cijene nabave sustava putem mjese\u010dnog najma sustava.<\/li>\n<li>Mogu\u0107nost kori\u0161tenja sustava u Cloud modelu za manji broj korisnika i lak kasniji prelazak na Infinity Enterprise.<\/li>\n<li>Cloud model pogodan za mikro i male tvrtke koje ne\u0107e imati dodatnih specifi\u010dnih zahtjeva za dogradnjama sustava.<\/li>\n<li>Manji tro\u0161kovi odr\u017eavanja u odnosu na Infinity Enterprise vlastitu platformu na vlastitom virtualnom serveru.<\/li>\n<li>Nema direktnih tro\u0161kova vezanih uz kupovinu (hardvera, licenci, baze podataka, aplikacijskog servera).<\/li>\n<\/ul>\n<h3>NEDOSTACI INFINITY CLOUD MODELA:<\/h3>\n<ul>\n<li>Nije mogu\u0107 razvoj novih funkcionalnosti sustava prilago\u0111avati svojim \u017eeljama (svi korisnicima imaju istu aplikaciju).<\/li>\n<li>Sustav ograni\u010de za kori\u0161tenje do 25 korisnika unutar jedne tvrtke (za ve\u0107i broj korisnika prelazi se na Enterprise).<\/li>\n<li>Nije podr\u017eana integracija Infinity Cloud s drugim internim sustavima korisnika (npr. ERP, DMS, vlastita rje\u0161enja).<\/li>\n<li>Nije pogodan za srednje i ve\u0107e tvrtke ili za tvrtke koje \u017eele integraciju i prilagodbu prema svojim potrebama.<\/li>\n<li>Pohrana digitalnih dokumenata vr\u0161i se na vanjske Cloud servise (nije mogu\u0107a lokalna pohrana i vlastiti DMS).<\/li>\n<li>Manja fleksibilnost i dugoro\u010dno ve\u0107i tro\u0161ak jer se kasnijim prelaskom na Infinity Enterprise treba kupiti licenca.<\/li>\n<li>Smanjena brzina u radu zbog dijeljenje serverskih resursa (procesor, radna memorija) izme\u0111u svih korisnika.<\/li>\n<li>Ograni\u010denje na max. 16 simultanih govornih kanala kod kori\u0161tenja 3CX VoIP platforme u Cloud modelu.<\/li>\n<li>Nemogu\u0107nost rada unutar intraneta tvrtke ili VPN-a tvrtke, zbog nu\u017ene dostupnosti sustava preko interneta.<\/li>\n<li>Suzdr\u017eanost korisnika u kori\u0161tenju zajedni\u010dkog Cloud rje\u0161enja u odnosu na vlastitu instalaciju i prilagodbu.<\/li>\n<\/ul>\n<\/div>\t<\/div>\n","protected":false},"excerpt":{"rendered":"","protected":false},"author":3,"featured_media":0,"parent":0,"menu_order":0,"comment_status":"closed","ping_status":"closed","template":"page-templates\/advantages.php","meta":{"footnotes":""},"class_list":["post-663","page","type-page","status-publish","hentry"],"aioseo_notices":[],"_links":{"self":[{"href":"https:\/\/www.appcrobms.com\/hr\/wp-json\/wp\/v2\/pages\/663","targetHints":{"allow":["GET"]}}],"collection":[{"href":"https:\/\/www.appcrobms.com\/hr\/wp-json\/wp\/v2\/pages"}],"about":[{"href":"https:\/\/www.appcrobms.com\/hr\/wp-json\/wp\/v2\/types\/page"}],"author":[{"embeddable":true,"href":"https:\/\/www.appcrobms.com\/hr\/wp-json\/wp\/v2\/users\/3"}],"replies":[{"embeddable":true,"href":"https:\/\/www.appcrobms.com\/hr\/wp-json\/wp\/v2\/comments?post=663"}],"version-history":[{"count":1,"href":"https:\/\/www.appcrobms.com\/hr\/wp-json\/wp\/v2\/pages\/663\/revisions"}],"predecessor-version":[{"id":664,"href":"https:\/\/www.appcrobms.com\/hr\/wp-json\/wp\/v2\/pages\/663\/revisions\/664"}],"wp:attachment":[{"href":"https:\/\/www.appcrobms.com\/hr\/wp-json\/wp\/v2\/media?parent=663"}],"curies":[{"name":"wp","href":"https:\/\/api.w.org\/{rel}","templated":true}]}}