{"id":6185,"date":"2020-07-22T11:02:26","date_gmt":"2020-07-22T10:02:26","guid":{"rendered":"http:\/\/www.appcrobms.com\/?page_id=6185"},"modified":"2025-06-04T08:53:33","modified_gmt":"2025-06-04T07:53:33","slug":"ljudski-resursi","status":"publish","type":"page","link":"https:\/\/www.appcrobms.com\/hr\/podsustavi\/ljudski-resursi\/","title":{"rendered":"Ljudski resursi"},"content":{"rendered":"\n\t<div class=\"solutions-row\">\n\t\t<div class=\"container\">\n\t\t\t<div class=\"row\">\n\t\t\t\t<div class=\"g7 solutions-content\">\n\t\t\t\t\t<h2>Ljudski resursi<\/h2>\n\t\t\t\t\t<p>Iza proizvodnje svakog proizvoda stoji ljudski trud i sati rada. Bitan dio svakog kolektiva su ljudski resursi. Ljudski resursi, njihova znanja, sposobnosti, vje\u0161tine i kompetencije su klju\u010dni faktori uspje\u0161nog poslovanja i djelovanja svakog poduze\u0107a, organizacije ili institucije.Podsustav omogu\u0107uje upravljanje zapo\u0161ljavanje, odabirom, poticanjem zaposlenika, obukom i usavr\u0161avanjem, ocjenom uspje\u0161nosti zaposlenika, odlu\u010divanjem o naknadama i pogodnostima itd.<\/p>\n\n\t\t\t\t\t\n\t\t\t\t\t<span class=\"bg-cloud cloud-top-right cloud medium-cloud could3 parallax-element\" data-top-bottom=\"transform: translateX(-100%)\" data-bottom-top=\"transform: translateX(-40%)\"><\/span><span class=\"bg-cloud cloud-bottom-left cloud medium-cloud could3 parallax-element\" data-top-bottom=\"transform: translateX(150%)\" data-bottom-top=\"transform: translateX(0%)\"><\/span><span class=\"bg-cloud cloud-center-center cloud could3 parallax-element\" data-top-bottom=\"transform: translateX(150%)\" data-bottom-top=\"transform: translateX(0%)\"><\/span>\t\t\t\t\t\n\t\t\t\t<\/div> \n\t\t\t\t<div class=\"g5 solutions-image\">\n\t\t\t\t\t<a class=\"wow bounceInUp\" href=\"https:\/\/www.appcrobms.com\/assets\/global\/pages\/presentation\/human-resources_2.png\" rel=\"attachment\">\n\t\t\t\t\t\t<img decoding=\"async\" src=\"https:\/\/www.appcrobms.com\/assets\/global\/pages\/presentation\/human-resources_2.png\">\n\t\t\t\t\t<\/a>\n\t\t\t\t<\/div>\n\t\t\t<\/div>\n\t\t<\/div>\n\t<\/div>\n\n\t\n\t\n\t\n\n\t<div class=\"solutions-row alt\">\n\t\t<div class=\"container\">\n\t\t\t<div class=\"row\">\n\t\t\t\t<div class=\"g7 solutions-content\">\n\t\t\t\t\t<h2>Upravljanje zaposlenicima<\/h2>\n\t\t\t\t\t<p>HRM modul omogu\u0107ava jednostavan i brz pregled svih potrebnih informacija za svakog pojedinog zaposlenika. Osim bitnih informacija, mogu\u0107e je spremiti i sve podatke o korisniku, datum ro\u0111enja, certifikate, edukacije, isplate, odsutstva, putni nalozi i sli\u010dno. Na jednom mjestu je mogu\u0107e vidjeti sve aktivne podatke od zaposlenika bez da se sve to mora bilje\u017eiti na vi\u0161e mjesta. Mogu\u0107e je i pohraniti privitke raznih formata (PDF, xls, txt, JPG) tako da se mogu \u010duvati svi potrebni skenovi ili dokumenti bitni za profil zaposlenika.<\/p>\n\n\t\t\t\t\t\n\t\t\t\t\t<span class=\"bg-cloud cloud-top-right cloud could3 parallax-element\" data-top-bottom=\"transform: translateX(100%)\" data-bottom-top=\"transform: translateX(-40%)\"><\/span><span class=\"bg-cloud cloud-bottom-center cloud medium-cloud could3 parallax-element\" data-top-bottom=\"transform: translateX(-150%)\" data-bottom-top=\"transform: translateX(0%)\"><\/span>\t\t\t\t\t\n\t\t\t\t<\/div> \n\t\t\t\t<div class=\"g5 solutions-image\">\n\t\t\t\t\t<a class=\"wow bounceInUp\" href=\"https:\/\/www.appcrobms.com\/assets\/en\/podsustavi\/00-dashboard\/employees-overview.png\" rel=\"attachment\">\n\t\t\t\t\t\t<img decoding=\"async\" src=\"https:\/\/www.appcrobms.com\/assets\/en\/podsustavi\/00-dashboard\/employees-overview.png\">\n\t\t\t\t\t<\/a>\n\t\t\t\t<\/div>\n\t\t\t<\/div>\n\t\t<\/div>\n\t<\/div>\n\n\t\n\t\n\t\n\n\t<div class=\"solutions-row\">\n\t\t<div class=\"container\">\n\t\t\t<div class=\"row\">\n\t\t\t\t<div class=\"g7 solutions-content\">\n\t\t\t\t\t<h2>Upravljanje certifikatima<\/h2>\n\t\t\t\t\t<p>Upravljajte certifikatima zaposlenika i same organizacije. Modul omogu\u0107uje kreiranje i pregled u fazu pojedinog certifikata, njegovo trajanje i tehnologiju. Osim informacija i detalja o samom certifikatu, mogu\u0107e je i vidjeti njegove sudionike, status, vrijedi li i sve dokumente prilo\u017eene u certifikat. Tako\u0111er je mogu\u0107e dodijeliti tehnologiju, verziju, datuma, tko je izdao certifikat, tko je vlasnik certifikata te cjelokupni pregled svih certifikata u tvrtci. <\/p>\n\n\t\t\t\t\t\n\t\t\t\t\t<span class=\"bg-cloud cloud-top-right cloud medium-cloud could3 parallax-element\" data-top-bottom=\"transform: translateX(-100%)\" data-bottom-top=\"transform: translateX(-40%)\"><\/span><span class=\"bg-cloud cloud-bottom-left cloud medium-cloud could3 parallax-element\" data-top-bottom=\"transform: translateX(150%)\" data-bottom-top=\"transform: translateX(0%)\"><\/span><span class=\"bg-cloud cloud-center-center cloud could3 parallax-element\" data-top-bottom=\"transform: translateX(150%)\" data-bottom-top=\"transform: translateX(0%)\"><\/span>\t\t\t\t\t\n\t\t\t\t<\/div> \n\t\t\t\t<div class=\"g5 solutions-image\">\n\t\t\t\t\t<a class=\"wow bounceInUp\" href=\"https:\/\/www.appcrobms.com\/assets\/en\/podsustavi\/00-dashboard\/hrm-certificates.png\" rel=\"attachment\">\n\t\t\t\t\t\t<img decoding=\"async\" src=\"https:\/\/www.appcrobms.com\/assets\/en\/podsustavi\/00-dashboard\/hrm-certificates.png\">\n\t\t\t\t\t<\/a>\n\t\t\t\t<\/div>\n\t\t\t<\/div>\n\t\t<\/div>\n\t<\/div>\n\n\t\n\t\n\t\n\n\t<div class=\"solutions-row alt\">\n\t\t<div class=\"container\">\n\t\t\t<div class=\"row\">\n\t\t\t\t<div class=\"g7 solutions-content\">\n\t\t\t\t\t<h2>Evidencija odsustva<\/h2>\n\t\t\t\t\t<p>HRM modul omogu\u0107ava pristup do svih planiranih i provedenih odsutstava svakog pojedinog zaposlenika. Zaposlenik mo\u017ee samostalno kreirati i poslati na odobrenje odsutstvo za \u017eeljeni datum, ovisno o tome njegov nadre\u0111eni mo\u017ee odbiti ili odobriti to odsutstvo. Na taj na\u010din se mo\u017ee olak\u0161ati i ubrzati proces planiranja i upravljanja zaposlenicima. Na jednostavan i intuitivan na\u010din je dan pregled svih odsutstava po svakom zaposleniku gdje se vide svi potrebni podaci od datuma, statusa, plana godi\u0161njih odmora i slobodnih dana, koliko je iskori\u0161teno i koliko je odobreno.<\/p>\n\n\t\t\t\t\t\n\t\t\t\t\t<span class=\"bg-cloud cloud-top-right cloud could3 parallax-element\" data-top-bottom=\"transform: translateX(100%)\" data-bottom-top=\"transform: translateX(-40%)\"><\/span><span class=\"bg-cloud cloud-bottom-center cloud medium-cloud could3 parallax-element\" data-top-bottom=\"transform: translateX(-150%)\" data-bottom-top=\"transform: translateX(0%)\"><\/span>\t\t\t\t\t\n\t\t\t\t<\/div> \n\t\t\t\t<div class=\"g5 solutions-image\">\n\t\t\t\t\t<a class=\"wow bounceInUp\" href=\"https:\/\/www.appcrobms.com\/assets\/en\/podsustavi\/00-dashboard\/timeoffs-about.png\" rel=\"attachment\">\n\t\t\t\t\t\t<img decoding=\"async\" src=\"https:\/\/www.appcrobms.com\/assets\/en\/podsustavi\/00-dashboard\/timeoffs-about.png\">\n\t\t\t\t\t<\/a>\n\t\t\t\t<\/div>\n\t\t\t<\/div>\n\t\t<\/div>\n\t<\/div>\n\n\t\n\t\n\t\n\n\t<div class=\"solutions-row\">\n\t\t<div class=\"container\">\n\t\t\t<div class=\"row\">\n\t\t\t\t<div class=\"g7 solutions-content\">\n\t\t\t\t\t<h2><\/h2>\n\t\t\t\t\t<p>Letak sa vi\u0161e informacija o ovom podsustavu i njegovim modulima:<\/p>\n\n\t\t\t\t\t\t\t\t\t\t\t<a class=\"button alt icon\" href=\"http:\/\/www.appcrobms.com\/aphujoaj\/ljudski-resursi-v4-web.pdf\"><span>Preuzmi<\/span><\/a>\n\t\t\t\t\t\n\t\t\t\t\t<span class=\"bg-cloud cloud-top-right cloud medium-cloud could3 parallax-element\" data-top-bottom=\"transform: translateX(-100%)\" data-bottom-top=\"transform: translateX(-40%)\"><\/span><span class=\"bg-cloud cloud-bottom-left cloud medium-cloud could3 parallax-element\" data-top-bottom=\"transform: translateX(150%)\" data-bottom-top=\"transform: translateX(0%)\"><\/span><span class=\"bg-cloud cloud-center-center cloud could3 parallax-element\" data-top-bottom=\"transform: translateX(150%)\" data-bottom-top=\"transform: translateX(0%)\"><\/span>\t\t\t\t\t\n\t\t\t\t<\/div> \n\t\t\t\t<div class=\"g5 solutions-image\">\n\t\t\t\t\t<a class=\"wow bounceInUp\" href=\"https:\/\/www.appcrobms.com\/assets\/hr\/podsustavi\/letci\/ljudski resursi v4-01.png\" rel=\"attachment\">\n\t\t\t\t\t\t<img decoding=\"async\" src=\"https:\/\/www.appcrobms.com\/assets\/hr\/podsustavi\/letci\/ljudski resursi v4-01.png\">\n\t\t\t\t\t<\/a>\n\t\t\t\t<\/div>\n\t\t\t<\/div>\n\t\t<\/div>\n\t<\/div>\n\n\t\n\t\n\t\n","protected":false},"excerpt":{"rendered":"","protected":false},"author":4,"featured_media":0,"parent":8,"menu_order":0,"comment_status":"closed","ping_status":"closed","template":"page-templates\/subpages.php","meta":{"footnotes":""},"class_list":["post-6185","page","type-page","status-publish","hentry"],"aioseo_notices":[],"_links":{"self":[{"href":"https:\/\/www.appcrobms.com\/hr\/wp-json\/wp\/v2\/pages\/6185","targetHints":{"allow":["GET"]}}],"collection":[{"href":"https:\/\/www.appcrobms.com\/hr\/wp-json\/wp\/v2\/pages"}],"about":[{"href":"https:\/\/www.appcrobms.com\/hr\/wp-json\/wp\/v2\/types\/page"}],"author":[{"embeddable":true,"href":"https:\/\/www.appcrobms.com\/hr\/wp-json\/wp\/v2\/users\/4"}],"replies":[{"embeddable":true,"href":"https:\/\/www.appcrobms.com\/hr\/wp-json\/wp\/v2\/comments?post=6185"}],"version-history":[{"count":28,"href":"https:\/\/www.appcrobms.com\/hr\/wp-json\/wp\/v2\/pages\/6185\/revisions"}],"predecessor-version":[{"id":11741,"href":"https:\/\/www.appcrobms.com\/hr\/wp-json\/wp\/v2\/pages\/6185\/revisions\/11741"}],"up":[{"embeddable":true,"href":"https:\/\/www.appcrobms.com\/hr\/wp-json\/wp\/v2\/pages\/8"}],"wp:attachment":[{"href":"https:\/\/www.appcrobms.com\/hr\/wp-json\/wp\/v2\/media?parent=6185"}],"curies":[{"name":"wp","href":"https:\/\/api.w.org\/{rel}","templated":true}]}}