{"id":41,"date":"2016-01-16T04:32:07","date_gmt":"2016-01-16T03:32:07","guid":{"rendered":"http:\/\/infinity.com.hr\/?page_id=41"},"modified":"2025-04-15T14:38:07","modified_gmt":"2025-04-15T13:38:07","slug":"360-pogled","status":"publish","type":"page","link":"https:\/\/www.appcrobms.com\/hr\/podsustavi\/360-pogled\/","title":{"rendered":"360 Pogled"},"content":{"rendered":"\n\t<div class=\"solutions-row\">\n\t\t<div class=\"container\">\n\t\t\t<div class=\"row\">\n\t\t\t\t<div class=\"g7 solutions-content\">\n\t\t\t\t\t<h2>360\u00b0 Pogled<\/h2>\n\t\t\t\t\t<p>Omogu\u0107uje napredni pregled \u017eeljene organizacije i kontakata prema svim informacijama sadr\u017eanim u sustavima APPCRO BMS platforme. Nudi e-mail ticketing funkcionalnosti i omogu\u0107ava e-mail pra\u0107enje uz dodjelu token broja, nudi pra\u0107enje rada zaposlenika po definiranim intervalima i mjese\u010dno pra\u0107enje uspjeha radnika uz prikaz ukupne mjese\u010dne satnice u odnosu na realizirano od strane zaposlenika, donosi pregled zapisa o radu i pregled poslovnih izvje\u0161taja.<\/p>\n\n\t\t\t\t\t\n\t\t\t\t\t<span class=\"bg-cloud cloud-top-right cloud medium-cloud could3 parallax-element\" data-top-bottom=\"transform: translateX(-100%)\" data-bottom-top=\"transform: translateX(-40%)\"><\/span><span class=\"bg-cloud cloud-bottom-left cloud medium-cloud could3 parallax-element\" data-top-bottom=\"transform: translateX(150%)\" data-bottom-top=\"transform: translateX(0%)\"><\/span><span class=\"bg-cloud cloud-center-center cloud could3 parallax-element\" data-top-bottom=\"transform: translateX(150%)\" data-bottom-top=\"transform: translateX(0%)\"><\/span>\t\t\t\t\t\n\t\t\t\t<\/div> \n\t\t\t\t<div class=\"g5 solutions-image\">\n\t\t\t\t\t<a class=\"wow bounceInUp\" href=\"https:\/\/www.appcrobms.com\/assets\/global\/pages\/presentation\/img\/360-tracking.png\" rel=\"attachment\">\n\t\t\t\t\t\t<img decoding=\"async\" src=\"https:\/\/www.appcrobms.com\/assets\/global\/pages\/presentation\/img\/360-tracking.png\">\n\t\t\t\t\t<\/a>\n\t\t\t\t<\/div>\n\t\t\t<\/div>\n\t\t<\/div>\n\t<\/div>\n\n\t\n\t\n\t\n\n\t<div class=\"solutions-row alt\">\n\t\t<div class=\"container\">\n\t\t\t<div class=\"row\">\n\t\t\t\t<div class=\"g7 solutions-content\">\n\t\t\t\t\t<h2>Profil tvrtke<\/h2>\n\t\t\t\t\t<p>Na profilu 360\u00b0 organizacije korisniku je omogu\u0107eno napredno pra\u0107enje \u017eeljene organizacije prema svim informacijama sadr\u017eanim u sustavima Infinity. Pru\u017ea uvid u kreirane zadatake, doga\u0111aje i pozive, povezane proizvode, i bilje\u0161ke. Dostupan je uvid u povezane marketin\u0161ke kampanje, prodajne aktivnosti i emailove. Pregled ugovaranja i projekata, ra\u010duna, poslovnih dopisa te imovine i odr\u017eavanja tako\u0111er je sastavni dio ovog modula.<\/p>\n\n\t\t\t\t\t\n\t\t\t\t\t<span class=\"bg-cloud cloud-top-right cloud could3 parallax-element\" data-top-bottom=\"transform: translateX(100%)\" data-bottom-top=\"transform: translateX(-40%)\"><\/span><span class=\"bg-cloud cloud-bottom-center cloud medium-cloud could3 parallax-element\" data-top-bottom=\"transform: translateX(-150%)\" data-bottom-top=\"transform: translateX(0%)\"><\/span>\t\t\t\t\t\n\t\t\t\t<\/div> \n\t\t\t\t<div class=\"g5 solutions-image\">\n\t\t\t\t\t<a class=\"wow bounceInUp\" href=\"https:\/\/www.appcrobms.com\/assets\/en\/podsustavi\/00-dashboard\/company-profile.png\" rel=\"attachment\">\n\t\t\t\t\t\t<img decoding=\"async\" src=\"https:\/\/www.appcrobms.com\/assets\/en\/podsustavi\/00-dashboard\/company-profile.png\">\n\t\t\t\t\t<\/a>\n\t\t\t\t<\/div>\n\t\t\t<\/div>\n\t\t<\/div>\n\t<\/div>\n\n\t\n\t\n\t\n\n\t<div class=\"solutions-row\">\n\t\t<div class=\"container\">\n\t\t\t<div class=\"row\">\n\t\t\t\t<div class=\"g7 solutions-content\">\n\t\t\t\t\t<h2>Profil kontakta<\/h2>\n\t\t\t\t\t<p>Na profilu 360\u00b0 kontakta korisniku je omogu\u0107eno napredno pra\u0107enje \u017eeljenog kontakta prema svim informacijama sadr\u017eanim u sustavima Infinity. Pru\u017ea uvid u kreirane zadatake, doga\u0111aje i pozive, povezane proizvode, i bilje\u0161ke. Dostupan je uvid u povezane marketin\u0161ke kampanje, prodajne aktivnosti i emailove. Pregled ugovaranja i projekata, ra\u010duna, poslovnih dopisa te imovine i odr\u017eavanja tako\u0111er je sastavni dio ovog modula.<\/p>\n\n\t\t\t\t\t\n\t\t\t\t\t<span class=\"bg-cloud cloud-top-right cloud medium-cloud could3 parallax-element\" data-top-bottom=\"transform: translateX(-100%)\" data-bottom-top=\"transform: translateX(-40%)\"><\/span><span class=\"bg-cloud cloud-bottom-left cloud medium-cloud could3 parallax-element\" data-top-bottom=\"transform: translateX(150%)\" data-bottom-top=\"transform: translateX(0%)\"><\/span><span class=\"bg-cloud cloud-center-center cloud could3 parallax-element\" data-top-bottom=\"transform: translateX(150%)\" data-bottom-top=\"transform: translateX(0%)\"><\/span>\t\t\t\t\t\n\t\t\t\t<\/div> \n\t\t\t\t<div class=\"g5 solutions-image\">\n\t\t\t\t\t<a class=\"wow bounceInUp\" href=\"https:\/\/www.appcrobms.com\/assets\/en\/podsustavi\/00-dashboard\/contact-profile.png\" rel=\"attachment\">\n\t\t\t\t\t\t<img decoding=\"async\" src=\"https:\/\/www.appcrobms.com\/assets\/en\/podsustavi\/00-dashboard\/contact-profile.png\">\n\t\t\t\t\t<\/a>\n\t\t\t\t<\/div>\n\t\t\t<\/div>\n\t\t<\/div>\n\t<\/div>\n\n\t\n\t\n\t\n\n\t<div class=\"solutions-row alt\">\n\t\t<div class=\"container\">\n\t\t\t<div class=\"row\">\n\t\t\t\t<div class=\"g7 solutions-content\">\n\t\t\t\t\t<h2>Pra\u0107enje aktivnosti<\/h2>\n\t\t\t\t\t<p>Detaljan pregled svih aktivnosti  u vezi pojedine organizacije ili kontakta. Evidencija poduzetih aktivnosti od strane va\u0161ih zaposlenika u vezi odre\u0111enog entiteta od sada vam je nadohvat ruke. Razvijte \u0161iru sliku o odre\u0111enom entitetu te prema tome planirajte daljnje korake u pooslovanju.<\/p>\n\n\t\t\t\t\t\n\t\t\t\t\t<span class=\"bg-cloud cloud-top-right cloud could3 parallax-element\" data-top-bottom=\"transform: translateX(100%)\" data-bottom-top=\"transform: translateX(-40%)\"><\/span><span class=\"bg-cloud cloud-bottom-center cloud medium-cloud could3 parallax-element\" data-top-bottom=\"transform: translateX(-150%)\" data-bottom-top=\"transform: translateX(0%)\"><\/span>\t\t\t\t\t\n\t\t\t\t<\/div> \n\t\t\t\t<div class=\"g5 solutions-image\">\n\t\t\t\t\t<a class=\"wow bounceInUp\" href=\"https:\/\/www.appcrobms.com\/assets\/en\/podsustavi\/00-dashboard\/360-activity-stream.png\" rel=\"attachment\">\n\t\t\t\t\t\t<img decoding=\"async\" src=\"https:\/\/www.appcrobms.com\/assets\/en\/podsustavi\/00-dashboard\/360-activity-stream.png\">\n\t\t\t\t\t<\/a>\n\t\t\t\t<\/div>\n\t\t\t<\/div>\n\t\t<\/div>\n\t<\/div>\n\n\t\n\t\n\t\n\n\t<div class=\"solutions-row\">\n\t\t<div class=\"container\">\n\t\t\t<div class=\"row\">\n\t\t\t\t<div class=\"g7 solutions-content\">\n\t\t\t\t\t<h2>Evidencija rada<\/h2>\n\t\t\t\t\t<p>Pratite radno vrijeme na zadacima ili projektnim zadacima, kao i redovite i prekovremene sate za sebe ili svoje zaposlenike pomo\u0107u ovog dostupnog vremenskog rasporeda. Vrijeme pra\u0107enja pomo\u0107i \u0107e vam smanjiti prekovremeni rad, eliminirati pogre\u0161ke i isplatiti to\u010dne sate. Stvorite i uredite radne dnevnike i pratite tko radi u stvarnom vremenu (tako da znate tko je dostupan za posao).<\/p>\n\n\t\t\t\t\t\n\t\t\t\t\t<span class=\"bg-cloud cloud-top-right cloud medium-cloud could3 parallax-element\" data-top-bottom=\"transform: translateX(-100%)\" data-bottom-top=\"transform: translateX(-40%)\"><\/span><span class=\"bg-cloud cloud-bottom-left cloud medium-cloud could3 parallax-element\" data-top-bottom=\"transform: translateX(150%)\" data-bottom-top=\"transform: translateX(0%)\"><\/span><span class=\"bg-cloud cloud-center-center cloud could3 parallax-element\" data-top-bottom=\"transform: translateX(150%)\" data-bottom-top=\"transform: translateX(0%)\"><\/span>\t\t\t\t\t\n\t\t\t\t<\/div> \n\t\t\t\t<div class=\"g5 solutions-image\">\n\t\t\t\t\t<a class=\"wow bounceInUp\" href=\"https:\/\/www.appcrobms.com\/assets\/en\/podsustavi\/00-dashboard\/time-sheets.png\" rel=\"attachment\">\n\t\t\t\t\t\t<img decoding=\"async\" src=\"https:\/\/www.appcrobms.com\/assets\/en\/podsustavi\/00-dashboard\/time-sheets.png\">\n\t\t\t\t\t<\/a>\n\t\t\t\t<\/div>\n\t\t\t<\/div>\n\t\t<\/div>\n\t<\/div>\n\n\t\n\t\n\t\n\n\t<div class=\"solutions-row alt\">\n\t\t<div class=\"container\">\n\t\t\t<div class=\"row\">\n\t\t\t\t<div class=\"g7 solutions-content\">\n\t\t\t\t\t<h2><\/h2>\n\t\t\t\t\t<p>Letak sa vi\u0161e informacija o ovom podsustavu i njegovim modulima:<\/p>\n\n\t\t\t\t\t\t\t\t\t\t\t<a class=\"button alt icon\" href=\"http:\/\/www.appcrobms.com\/aphujoaj\/hr-360-pogled-letak-v3-web.pdf\"><span>Preuzmi<\/span><\/a>\n\t\t\t\t\t\n\t\t\t\t\t<span class=\"bg-cloud cloud-top-right cloud could3 parallax-element\" data-top-bottom=\"transform: translateX(100%)\" data-bottom-top=\"transform: translateX(-40%)\"><\/span><span class=\"bg-cloud cloud-bottom-center cloud medium-cloud could3 parallax-element\" data-top-bottom=\"transform: translateX(-150%)\" data-bottom-top=\"transform: translateX(0%)\"><\/span>\t\t\t\t\t\n\t\t\t\t<\/div> \n\t\t\t\t<div class=\"g5 solutions-image\">\n\t\t\t\t\t<a class=\"wow bounceInUp\" href=\"https:\/\/www.appcrobms.com\/assets\/hr\/podsustavi\/letci\/hr 360 pogled letak v3-01.png\" rel=\"attachment\">\n\t\t\t\t\t\t<img decoding=\"async\" src=\"https:\/\/www.appcrobms.com\/assets\/hr\/podsustavi\/letci\/hr 360 pogled letak v3-01.png\">\n\t\t\t\t\t<\/a>\n\t\t\t\t<\/div>\n\t\t\t<\/div>\n\t\t<\/div>\n\t<\/div>\n\n\t\n\t\n\t\n","protected":false},"excerpt":{"rendered":"","protected":false},"author":3,"featured_media":0,"parent":8,"menu_order":8,"comment_status":"closed","ping_status":"closed","template":"page-templates\/subpages.php","meta":{"footnotes":""},"class_list":["post-41","page","type-page","status-publish","hentry"],"aioseo_notices":[],"_links":{"self":[{"href":"https:\/\/www.appcrobms.com\/hr\/wp-json\/wp\/v2\/pages\/41","targetHints":{"allow":["GET"]}}],"collection":[{"href":"https:\/\/www.appcrobms.com\/hr\/wp-json\/wp\/v2\/pages"}],"about":[{"href":"https:\/\/www.appcrobms.com\/hr\/wp-json\/wp\/v2\/types\/page"}],"author":[{"embeddable":true,"href":"https:\/\/www.appcrobms.com\/hr\/wp-json\/wp\/v2\/users\/3"}],"replies":[{"embeddable":true,"href":"https:\/\/www.appcrobms.com\/hr\/wp-json\/wp\/v2\/comments?post=41"}],"version-history":[{"count":26,"href":"https:\/\/www.appcrobms.com\/hr\/wp-json\/wp\/v2\/pages\/41\/revisions"}],"predecessor-version":[{"id":11621,"href":"https:\/\/www.appcrobms.com\/hr\/wp-json\/wp\/v2\/pages\/41\/revisions\/11621"}],"up":[{"embeddable":true,"href":"https:\/\/www.appcrobms.com\/hr\/wp-json\/wp\/v2\/pages\/8"}],"wp:attachment":[{"href":"https:\/\/www.appcrobms.com\/hr\/wp-json\/wp\/v2\/media?parent=41"}],"curies":[{"name":"wp","href":"https:\/\/api.w.org\/{rel}","templated":true}]}}