{"id":126,"date":"2016-01-28T03:07:49","date_gmt":"2016-01-28T02:07:49","guid":{"rendered":"http:\/\/infinity.com.hr\/?page_id=126"},"modified":"2023-04-13T07:35:20","modified_gmt":"2023-04-13T06:35:20","slug":"kontakt","status":"publish","type":"page","link":"https:\/\/www.appcrobms.com\/hr\/kontakt\/","title":{"rendered":"Kontakt"},"content":{"rendered":"<style>\np {margin-bottom:0px;}<br \/><\/style>\n<h3>Kontaktirajte nas!<\/h3>\n<p>Drago nam je \u0161to vam mo\u017eemo pomo\u0107i! Slobodno po\u0161aljite svoje upite (op\u0107a pitanja, zna\u010dajke proizvoda, cijene, zahtjeve za ponudu, itd.) putem web-obrasca u nastavku.<\/p>\n<p>Potrebna vam je dodatna pomo\u0107 vezana uz APPCRO BMS?<\/p>\n<p>&nbsp;<\/p>\n<table>\n<tbody>\n<tr>\n<td style=\"text-align: center; width: 30px; vertical-align: middle; background: #F0F8FF;\"><\/td>\n<td>\n<h4 style=\"margin-bottom: 15px;\"><a style=\"border: 0px; color: #22b4e2;\">Email podr\u0161ka (0-24h) <\/a><\/h4>\n<p><a style=\"margin-bottom: 5px; border: 0px; color: #22b4e2;\" href=\"mailto: info@appcrobms.com\">info@appcrobms.com<\/a> &#8211; Informacije<br \/>\n<a style=\"margin-bottom: 5px; border: 0px; color: #22b4e2;\" href=\"mailto: sales@appcrobms.com\">sales@appcrobms.com<\/a> &#8211; Prodaja<br \/>\n<a style=\"margin-bottom: 5px; border: 0px; color: #22b4e2;\" href=\"mailto: support@appcrobms.com\">support@appcrobms.com<\/a> &#8211; Podr\u0161ka<br \/>\n<a style=\"margin-bottom: 0px; border: 0px; color: #22b4e2;\" href=\"mailto: partners@appcrobms.com\">partners@appcrobms.com<\/a> &#8211; Partneri<br \/>\n<a style=\"margin-bottom: 0px; border: 0px; color: #22b4e2;\" href=\"mailto: payments@appcrobms.com\">payments@appcrobms.com<\/a> &#8211; Pla\u0107anja<\/td>\n<\/tr>\n<\/tbody>\n<\/table>\n<table>\n<tbody>\n<tr>\n<td style=\"text-align: center; width: 30px; vertical-align: middle; background: #F0F8FF;\"><\/td>\n<td>\n<h4 style=\"margin-bottom: 0px;\"><a style=\"border: 0px; color: #22b4e2;\" href=\"https:\/\/appcro.com\/\">APPCRO d.o.o.<\/a><\/h4>\n<p><span style=\"display: block;\">Bolni\u010dka cesta 34\/A<\/span><span style=\"display: block; padding-bottom: 10px;\">HR-10090 Zagreb<br \/>\nHrvatska, <span style=\"font-family: inherit; font-size: inherit;\">Europska unija<\/span><\/span><span style=\"display: block;\">Pon &#8211; Pet: 08:00 &#8211; 17:00 CET<\/span><a style=\"border: 0px; color: #555555;\" href=\"tel:38518880910\">Tel: +385 1 888 0910<\/a><\/td>\n<\/tr>\n<\/tbody>\n<\/table>\n<table>\n<tbody>\n<tr>\n<td style=\"text-align: center; width: 30px; vertical-align: middle; background: #F0F8FF;\"><\/td>\n<td>\n<h4 style=\"margin-bottom: 0px;\"><a style=\"border: 0px; color: #22b4e2;\" href=\"https:\/\/appcro.com\/\">APPCRO Ltd.<\/a><\/h4>\n<p><span style=\"display: block; padding-bottom: 10px;\"><span style=\"font-family: inherit; font-size: inherit;\">71-75 Shelton Street, Covent Garden<br \/>\nLondon, WC2H 9JQ<br \/>\nEngleska, Ujedinjeno Kraljevstvo<\/span><\/span><span style=\"display: block;\">Pon &#8211; Pet: 06:00 &#8211; 16:00 GMT<\/span><a style=\"border: 0px; color: #555555;\" href=\"tel:44 203 034 1170\">Tel: +44 203 034 1170<\/a><\/td>\n<\/tr>\n<\/tbody>\n<\/table>\n<table>\n<tbody>\n<tr>\n<td style=\"text-align: center; width: 30px; vertical-align: middle; background: #F0F8FF;\"><\/td>\n<td>\n<h4 style=\"margin-bottom: 0px;\"><a style=\"border: 0px; color: #22b4e2;\" href=\"https:\/\/appcro.com\/\">APPCRO Inc.<\/a><\/h4>\n<p><span style=\"display: block; padding-bottom: 10px;\"><span style=\"font-family: inherit; font-size: inherit;\">16192 Coastal Highway<br \/>\nLewes, DE 19958<br \/>\n<\/span>Sjedinjene Ameri\u010dke Dr\u017eave<\/span><span style=\"display: block;\">Pon &#8211; Pet: 06 AM &#8211; 04 PM EST<\/span><a style=\"border: 0px; color: #555555;\" href=\"tel:16468097220\">Tel: +1 646 809 7220<\/a><\/td>\n<\/tr>\n<\/tbody>\n<\/table>\n","protected":false},"excerpt":{"rendered":"<p>Kontaktirajte nas! Drago nam je \u0161to vam mo\u017eemo pomo\u0107i! Slobodno &#8230;<\/p>\n","protected":false},"author":3,"featured_media":0,"parent":0,"menu_order":0,"comment_status":"closed","ping_status":"closed","template":"page-templates\/contact.php","meta":{"footnotes":""},"class_list":["post-126","page","type-page","status-publish","hentry"],"aioseo_notices":[],"_links":{"self":[{"href":"https:\/\/www.appcrobms.com\/hr\/wp-json\/wp\/v2\/pages\/126","targetHints":{"allow":["GET"]}}],"collection":[{"href":"https:\/\/www.appcrobms.com\/hr\/wp-json\/wp\/v2\/pages"}],"about":[{"href":"https:\/\/www.appcrobms.com\/hr\/wp-json\/wp\/v2\/types\/page"}],"author":[{"embeddable":true,"href":"https:\/\/www.appcrobms.com\/hr\/wp-json\/wp\/v2\/users\/3"}],"replies":[{"embeddable":true,"href":"https:\/\/www.appcrobms.com\/hr\/wp-json\/wp\/v2\/comments?post=126"}],"version-history":[{"count":41,"href":"https:\/\/www.appcrobms.com\/hr\/wp-json\/wp\/v2\/pages\/126\/revisions"}],"predecessor-version":[{"id":8635,"href":"https:\/\/www.appcrobms.com\/hr\/wp-json\/wp\/v2\/pages\/126\/revisions\/8635"}],"wp:attachment":[{"href":"https:\/\/www.appcrobms.com\/hr\/wp-json\/wp\/v2\/media?parent=126"}],"curies":[{"name":"wp","href":"https:\/\/api.w.org\/{rel}","templated":true}]}}