{"id":12078,"date":"2026-04-21T10:26:32","date_gmt":"2026-04-21T09:26:32","guid":{"rendered":"https:\/\/www.appcrobms.com\/?page_id=12078"},"modified":"2026-04-21T11:37:19","modified_gmt":"2026-04-21T10:37:19","slug":"blagajnicko-poslovanje","status":"publish","type":"page","link":"https:\/\/www.appcrobms.com\/hr\/blagajnicko-poslovanje\/","title":{"rendered":"Blagajni\u010dko poslovanje"},"content":{"rendered":"\n\t<div class=\"solutions-row\">\n\t\t<div class=\"container\">\n\t\t\t<div class=\"row\">\n\t\t\t\t<div class=\"g7 solutions-content\">\n\t\t\t\t\t<h2>Blagajni\u010dko poslovanje<\/h2>\n\t\t\t\t\t<p>Sustav za upravljanje <strong>blagajnama<\/strong> i pra\u0107enjem upravljanja gotovinom unutar blagajni. Sadr\u017ei module: Nadzorna plo\u010da; Upravljanje blagajnama; Evidencija gotovinskih uplata i isplata; Blagajni\u010dki primitci i<br \/>\nizdaci; Dnevni blagajni\u010dki obra\u010duni i zaklju\u010dci; Stanje blagajne i kontrola salda; Pregledi prometa, *Dokumenti; Izvje\u0161taji.<\/p>\n\n\t\t\t\t\t\n\t\t\t\t\t<span class=\"bg-cloud cloud-top-right cloud medium-cloud could3 parallax-element\" data-top-bottom=\"transform: translateX(-100%)\" data-bottom-top=\"transform: translateX(-40%)\"><\/span><span class=\"bg-cloud cloud-bottom-left cloud medium-cloud could3 parallax-element\" data-top-bottom=\"transform: translateX(150%)\" data-bottom-top=\"transform: translateX(0%)\"><\/span><span class=\"bg-cloud cloud-center-center cloud could3 parallax-element\" data-top-bottom=\"transform: translateX(150%)\" data-bottom-top=\"transform: translateX(0%)\"><\/span>\t\t\t\t\t\n\t\t\t\t<\/div> \n\t\t\t\t<div class=\"g5 solutions-image\">\n\t\t\t\t\t<a class=\"wow bounceInUp\" href=\"https:\/\/www.appcrobms.com\/assets\/global\/pages\/presentation\/img\/CashRegistersMainHR.png\" rel=\"attachment\">\n\t\t\t\t\t\t<img decoding=\"async\" src=\"https:\/\/www.appcrobms.com\/assets\/global\/pages\/presentation\/img\/CashRegistersMainHR.png\">\n\t\t\t\t\t<\/a>\n\t\t\t\t<\/div>\n\t\t\t<\/div>\n\t\t<\/div>\n\t<\/div>\n\n\t\n\t\n\t\n\n\t<div class=\"solutions-row alt\">\n\t\t<div class=\"container\">\n\t\t\t<div class=\"row\">\n\t\t\t\t<div class=\"g7 solutions-content\">\n\t\t\t\t\t<h2>Profil blagajne<\/h2>\n\t\t\t\t\t<p><strong>Profil<\/strong> <strong>blagajne<\/strong> pru\u017ea pregled klju\u010dnih informacija i aktivnosti vezanih uz pojedinu blagajnu. Obuhva\u0107a osnovne podatke (oznaka, naziv, lokacija, odgovorna osoba), status i financijske informacije poput valute te po\u010detnog i trenutnog stanja.Kroz <strong>profil<\/strong> je omogu\u0107en pristup va\u017enim funkcionalnostima kao \u0161to su transakcije, operateri, dnevni zaklju\u010dci i ra\u010duni, \u010dime se osigurava u\u010dinkovito pra\u0107enje i upravljanje blagajni\u010dkim poslovanjem. Tako\u0111er uklju\u010duje pregled radnog vremena i va\u017enih datuma za lak\u0161u organizaciju rada.<\/p>\n\n\t\t\t\t\t\n\t\t\t\t\t<span class=\"bg-cloud cloud-top-right cloud could3 parallax-element\" data-top-bottom=\"transform: translateX(100%)\" data-bottom-top=\"transform: translateX(-40%)\"><\/span><span class=\"bg-cloud cloud-bottom-center cloud medium-cloud could3 parallax-element\" data-top-bottom=\"transform: translateX(-150%)\" data-bottom-top=\"transform: translateX(0%)\"><\/span>\t\t\t\t\t\n\t\t\t\t<\/div> \n\t\t\t\t<div class=\"g5 solutions-image\">\n\t\t\t\t\t<a class=\"wow bounceInUp\" href=\"https:\/\/www.appcrobms.com\/assets\/global\/pages\/presentation\/img\/CashRegistersProfilHR.png\" rel=\"attachment\">\n\t\t\t\t\t\t<img decoding=\"async\" src=\"https:\/\/www.appcrobms.com\/assets\/global\/pages\/presentation\/img\/CashRegistersProfilHR.png\">\n\t\t\t\t\t<\/a>\n\t\t\t\t<\/div>\n\t\t\t<\/div>\n\t\t<\/div>\n\t<\/div>\n\n\t\n\t\n\t\n\n\t<div class=\"solutions-row\">\n\t\t<div class=\"container\">\n\t\t\t<div class=\"row\">\n\t\t\t\t<div class=\"g7 solutions-content\">\n\t\t\t\t\t<h2>Pregled blagajni<\/h2>\n\t\t\t\t\t<p><strong>Pregled blagajni<\/strong> omogu\u0107uje jasan i strukturiran prikaz svih blagajni u sustavu na jednom mjestu. Prikazane su klju\u010dne informacije poput oznake, naziva, tipa blagajne, statusa, po\u010detnog i trenutnog iznosa te organizacijske pripadnosti.Korisnicima su dostupne opcije filtriranja i izvoza podataka (npr. u Excel), kao i brzi pristup dodatnim akcijama za svaku blagajnu. Ovaj pregled olak\u0161ava pra\u0107enje stanja, usporedbu i upravljanje vi\u0161e blagajni unutar organizacije.<\/p>\n\n\t\t\t\t\t\n\t\t\t\t\t<span class=\"bg-cloud cloud-top-right cloud medium-cloud could3 parallax-element\" data-top-bottom=\"transform: translateX(-100%)\" data-bottom-top=\"transform: translateX(-40%)\"><\/span><span class=\"bg-cloud cloud-bottom-left cloud medium-cloud could3 parallax-element\" data-top-bottom=\"transform: translateX(150%)\" data-bottom-top=\"transform: translateX(0%)\"><\/span><span class=\"bg-cloud cloud-center-center cloud could3 parallax-element\" data-top-bottom=\"transform: translateX(150%)\" data-bottom-top=\"transform: translateX(0%)\"><\/span>\t\t\t\t\t\n\t\t\t\t<\/div> \n\t\t\t\t<div class=\"g5 solutions-image\">\n\t\t\t\t\t<a class=\"wow bounceInUp\" href=\"https:\/\/www.appcrobms.com\/assets\/global\/pages\/presentation\/img\/CashRegistersOverviewHR.png\" rel=\"attachment\">\n\t\t\t\t\t\t<img decoding=\"async\" src=\"https:\/\/www.appcrobms.com\/assets\/global\/pages\/presentation\/img\/CashRegistersOverviewHR.png\">\n\t\t\t\t\t<\/a>\n\t\t\t\t<\/div>\n\t\t\t<\/div>\n\t\t<\/div>\n\t<\/div>\n\n\t\n\t\n\t\n\n\t<div class=\"solutions-row alt\">\n\t\t<div class=\"container\">\n\t\t\t<div class=\"row\">\n\t\t\t\t<div class=\"g7 solutions-content\">\n\t\t\t\t\t<h2>Nova blagajna<\/h2>\n\t\t\t\t\t<p>Kreiranje <strong>nove blagajne<\/strong> omogu\u0107uje unos i postavljanje svih klju\u010dnih podataka potrebnih za rad blagajne u sustavu. Korisnik definira osnovne informacije poput oznake i naziva, organizacijske pripadnosti, lokacije i odgovorne osobe.Tako\u0111er se postavljaju financijski parametri, uklju\u010duju\u0107i tip blagajne, valutu, po\u010detni i maksimalni iznos, kao i datume po\u010detka i eventualnog zatvaranja rada. Nakon unosa podataka, blagajna se sprema i postaje dostupna za daljnje kori\u0161tenje i upravljanje unutar sustava.<\/p>\n\n\t\t\t\t\t\n\t\t\t\t\t<span class=\"bg-cloud cloud-top-right cloud could3 parallax-element\" data-top-bottom=\"transform: translateX(100%)\" data-bottom-top=\"transform: translateX(-40%)\"><\/span><span class=\"bg-cloud cloud-bottom-center cloud medium-cloud could3 parallax-element\" data-top-bottom=\"transform: translateX(-150%)\" data-bottom-top=\"transform: translateX(0%)\"><\/span>\t\t\t\t\t\n\t\t\t\t<\/div> \n\t\t\t\t<div class=\"g5 solutions-image\">\n\t\t\t\t\t<a class=\"wow bounceInUp\" href=\"https:\/\/www.appcrobms.com\/assets\/global\/pages\/presentation\/img\/CashRegisterNewFormHR.png\" rel=\"attachment\">\n\t\t\t\t\t\t<img decoding=\"async\" src=\"https:\/\/www.appcrobms.com\/assets\/global\/pages\/presentation\/img\/CashRegisterNewFormHR.png\">\n\t\t\t\t\t<\/a>\n\t\t\t\t<\/div>\n\t\t\t<\/div>\n\t\t<\/div>\n\t<\/div>\n\n\t\n\t\n\t\n\n\t<div class=\"solutions-row\">\n\t\t<div class=\"container\">\n\t\t\t<div class=\"row\">\n\t\t\t\t<div class=\"g7 solutions-content\">\n\t\t\t\t\t<h2>Dnevni zaklju\u010dci<\/h2>\n\t\t\t\t\t<p>Dnevni zaklju\u010dci blagajne omogu\u0107uju pregled i evidenciju svih financijskih aktivnosti na kraju radnog dana. Kroz ovaj pregled prikazuju se ukupni iznosi uplata i isplata, stanje blagajne te eventualna odstupanja. Zaklju\u010dci slu\u017ee za kontrolu to\u010dnosti poslovanja, uskla\u0111ivanje stvarnog i evidentiranog stanja gotovine te osiguravaju transparentnost i pra\u0107enje dnevnih rezultata rada blagajne.<\/p>\n\n\t\t\t\t\t\n\t\t\t\t\t<span class=\"bg-cloud cloud-top-right cloud medium-cloud could3 parallax-element\" data-top-bottom=\"transform: translateX(-100%)\" data-bottom-top=\"transform: translateX(-40%)\"><\/span><span class=\"bg-cloud cloud-bottom-left cloud medium-cloud could3 parallax-element\" data-top-bottom=\"transform: translateX(150%)\" data-bottom-top=\"transform: translateX(0%)\"><\/span><span class=\"bg-cloud cloud-center-center cloud could3 parallax-element\" data-top-bottom=\"transform: translateX(150%)\" data-bottom-top=\"transform: translateX(0%)\"><\/span>\t\t\t\t\t\n\t\t\t\t<\/div> \n\t\t\t\t<div class=\"g5 solutions-image\">\n\t\t\t\t\t<a class=\"wow bounceInUp\" href=\"https:\/\/www.appcrobms.com\/assets\/global\/pages\/presentation\/img\/CashRegistersDailyConclusionsHR.png\" rel=\"attachment\">\n\t\t\t\t\t\t<img decoding=\"async\" src=\"https:\/\/www.appcrobms.com\/assets\/global\/pages\/presentation\/img\/CashRegistersDailyConclusionsHR.png\">\n\t\t\t\t\t<\/a>\n\t\t\t\t<\/div>\n\t\t\t<\/div>\n\t\t<\/div>\n\t<\/div>\n\n\t\n\t\n\t\n\n\t<div class=\"solutions-row alt\">\n\t\t<div class=\"container\">\n\t\t\t<div class=\"row\">\n\t\t\t\t<div class=\"g7 solutions-content\">\n\t\t\t\t\t<h2><\/h2>\n\t\t\t\t\t<p>Letak sa vi\u0161e informacija o ovom podsustavu i njegovim modulima:<\/p>\n\n\t\t\t\t\t\t\t\t\t\t\t<a class=\"button alt icon\" href=\"http:\/\/www.appcrobms.com\/aphujoaj\/appcroBMS_jezgra-v2-web.pdf\"><span>Preuzmi<\/span><\/a>\n\t\t\t\t\t\n\t\t\t\t\t<span class=\"bg-cloud cloud-top-right cloud could3 parallax-element\" data-top-bottom=\"transform: translateX(100%)\" data-bottom-top=\"transform: translateX(-40%)\"><\/span><span class=\"bg-cloud cloud-bottom-center cloud medium-cloud could3 parallax-element\" data-top-bottom=\"transform: translateX(-150%)\" data-bottom-top=\"transform: translateX(0%)\"><\/span>\t\t\t\t\t\n\t\t\t\t<\/div> \n\t\t\t\t<div class=\"g5 solutions-image\">\n\t\t\t\t\t<a class=\"wow bounceInUp\" href=\"https:\/\/www.appcrobms.com\/assets\/hr\/podsustavi\/letci\/appcroBMS_jezgra v2-01.png\" rel=\"attachment\">\n\t\t\t\t\t\t<img decoding=\"async\" src=\"https:\/\/www.appcrobms.com\/assets\/hr\/podsustavi\/letci\/appcroBMS_jezgra v2-01.png\">\n\t\t\t\t\t<\/a>\n\t\t\t\t<\/div>\n\t\t\t<\/div>\n\t\t<\/div>\n\t<\/div>\n\n\t\n\t\n\t\n","protected":false},"excerpt":{"rendered":"","protected":false},"author":31,"featured_media":0,"parent":0,"menu_order":0,"comment_status":"closed","ping_status":"closed","template":"","meta":{"footnotes":""},"class_list":["post-12078","page","type-page","status-publish","hentry"],"aioseo_notices":[],"_links":{"self":[{"href":"https:\/\/www.appcrobms.com\/hr\/wp-json\/wp\/v2\/pages\/12078","targetHints":{"allow":["GET"]}}],"collection":[{"href":"https:\/\/www.appcrobms.com\/hr\/wp-json\/wp\/v2\/pages"}],"about":[{"href":"https:\/\/www.appcrobms.com\/hr\/wp-json\/wp\/v2\/types\/page"}],"author":[{"embeddable":true,"href":"https:\/\/www.appcrobms.com\/hr\/wp-json\/wp\/v2\/users\/31"}],"replies":[{"embeddable":true,"href":"https:\/\/www.appcrobms.com\/hr\/wp-json\/wp\/v2\/comments?post=12078"}],"version-history":[{"count":5,"href":"https:\/\/www.appcrobms.com\/hr\/wp-json\/wp\/v2\/pages\/12078\/revisions"}],"predecessor-version":[{"id":12100,"href":"https:\/\/www.appcrobms.com\/hr\/wp-json\/wp\/v2\/pages\/12078\/revisions\/12100"}],"wp:attachment":[{"href":"https:\/\/www.appcrobms.com\/hr\/wp-json\/wp\/v2\/media?parent=12078"}],"curies":[{"name":"wp","href":"https:\/\/api.w.org\/{rel}","templated":true}]}}