{"id":8958,"date":"2023-06-27T09:08:04","date_gmt":"2023-06-27T08:08:04","guid":{"rendered":"https:\/\/www.appcrobms.com\/?page_id=8958"},"modified":"2025-01-07T13:44:01","modified_gmt":"2025-01-07T12:44:01","slug":"fr-presentation-product-gestion-des-achats","status":"publish","type":"page","link":"https:\/\/www.appcrobms.com\/fr\/fr-presentation-product-gestion-des-achats\/","title":{"rendered":"Gestion des achats"},"content":{"rendered":"\n\t<div class=\"solutions-row\">\n\t\t<div class=\"container\">\n\t\t\t<div class=\"row\">\n\t\t\t\t<div class=\"g7 solutions-content\">\n\t\t\t\t\t<h2>Gestion des achats<\/h2>\n\t\t\t\t\t<p>Inclut la planification d\u00e9taill\u00e9e des achats, les groupes d'achats, le calendrier des appels d'offres, les exigences d'approvisionnement, le processus de mise en \u0153uvre des achats avec l'enregistrement des offres soumises, leur \u00e9valuation et la s\u00e9lection des meilleures offres propos\u00e9es ; Cr\u00e9ation de mod\u00e8les de documents.<\/p>\n\n\t\t\t\t\t\n\t\t\t\t\t<span class=\"bg-cloud cloud-top-right cloud medium-cloud could3 parallax-element\" data-top-bottom=\"transform: translateX(-100%)\" data-bottom-top=\"transform: translateX(-40%)\"><\/span><span class=\"bg-cloud cloud-bottom-left cloud medium-cloud could3 parallax-element\" data-top-bottom=\"transform: translateX(150%)\" data-bottom-top=\"transform: translateX(0%)\"><\/span><span class=\"bg-cloud cloud-center-center cloud could3 parallax-element\" data-top-bottom=\"transform: translateX(150%)\" data-bottom-top=\"transform: translateX(0%)\"><\/span>\t\t\t\t\t\n\t\t\t\t<\/div> \n\t\t\t\t<div class=\"g5 solutions-image\">\n\t\t\t\t\t<a class=\"wow bounceInUp\" href=\"https:\/\/www.appcrobms.com\/assets\/global\/pages\/presentation\/img\/procurement.png\" rel=\"attachment\">\n\t\t\t\t\t\t<img decoding=\"async\" src=\"https:\/\/www.appcrobms.com\/assets\/global\/pages\/presentation\/img\/procurement.png\">\n\t\t\t\t\t<\/a>\n\t\t\t\t<\/div>\n\t\t\t<\/div>\n\t\t<\/div>\n\t<\/div>\n\n\t\n\t\n\t\n\n\t<div class=\"solutions-row alt\">\n\t\t<div class=\"container\">\n\t\t\t<div class=\"row\">\n\t\t\t\t<div class=\"g7 solutions-content\">\n\t\t\t\t\t<h2>Plans financiers<\/h2>\n\t\t\t\t\t<p>Pour mieux g\u00e9rer l'argent dans une entreprise, il est n\u00e9cessaire de cr\u00e9er un plan financier. Le module offre une possibilit\u00e9 simple de suivre les revenus et les d\u00e9penses et de cr\u00e9er des plans \u00e0 court ou \u00e0 long terme. Cela vous permet de disposer d'un contr\u00f4le financier facile.<\/p>\n\n\t\t\t\t\t\n\t\t\t\t\t<span class=\"bg-cloud cloud-top-right cloud could3 parallax-element\" data-top-bottom=\"transform: translateX(100%)\" data-bottom-top=\"transform: translateX(-40%)\"><\/span><span class=\"bg-cloud cloud-bottom-center cloud medium-cloud could3 parallax-element\" data-top-bottom=\"transform: translateX(-150%)\" data-bottom-top=\"transform: translateX(0%)\"><\/span>\t\t\t\t\t\n\t\t\t\t<\/div> \n\t\t\t\t<div class=\"g5 solutions-image\">\n\t\t\t\t\t<a class=\"wow bounceInUp\" href=\"https:\/\/www.appcrobms.com\/assets\/global\/pages\/presentation\/img\/procurement-plans.png\" rel=\"attachment\">\n\t\t\t\t\t\t<img decoding=\"async\" src=\"https:\/\/www.appcrobms.com\/assets\/global\/pages\/presentation\/img\/procurement-plans.png\">\n\t\t\t\t\t<\/a>\n\t\t\t\t<\/div>\n\t\t\t<\/div>\n\t\t<\/div>\n\t<\/div>\n\n\t\n\t\n\t\n\n\t<div class=\"solutions-row\">\n\t\t<div class=\"container\">\n\t\t\t<div class=\"row\">\n\t\t\t\t<div class=\"g7 solutions-content\">\n\t\t\t\t\t<h2>Plans d'approvisionnement<\/h2>\n\t\t\t\t\t<p>La planification des achats pour les entreprises est l'une des activit\u00e9s les plus importantes. Planifiez le processus de d\u00e9finition de votre mission et de vos objectifs. Dans le module, il est possible de d\u00e9finir les \u00e9l\u00e9ments du plan d'achats (ce qui sera command\u00e9) inclus dans le plan d'achats. Il est \u00e9galement possible de collecter les formulaires de demande d'achats aupr\u00e8s des employ\u00e9s.<\/p>\n\n\t\t\t\t\t\n\t\t\t\t\t<span class=\"bg-cloud cloud-top-right cloud medium-cloud could3 parallax-element\" data-top-bottom=\"transform: translateX(-100%)\" data-bottom-top=\"transform: translateX(-40%)\"><\/span><span class=\"bg-cloud cloud-bottom-left cloud medium-cloud could3 parallax-element\" data-top-bottom=\"transform: translateX(150%)\" data-bottom-top=\"transform: translateX(0%)\"><\/span><span class=\"bg-cloud cloud-center-center cloud could3 parallax-element\" data-top-bottom=\"transform: translateX(150%)\" data-bottom-top=\"transform: translateX(0%)\"><\/span>\t\t\t\t\t\n\t\t\t\t<\/div> \n\t\t\t\t<div class=\"g5 solutions-image\">\n\t\t\t\t\t<a class=\"wow bounceInUp\" href=\"https:\/\/www.appcrobms.com\/assets\/en\/podsustavi\/00-dashboard\/procurement-plan.png\" rel=\"attachment\">\n\t\t\t\t\t\t<img decoding=\"async\" src=\"https:\/\/www.appcrobms.com\/assets\/en\/podsustavi\/00-dashboard\/procurement-plan.png\">\n\t\t\t\t\t<\/a>\n\t\t\t\t<\/div>\n\t\t\t<\/div>\n\t\t<\/div>\n\t<\/div>\n\n\t\n\t\n\t\n\n\t<div class=\"solutions-row alt\">\n\t\t<div class=\"container\">\n\t\t\t<div class=\"row\">\n\t\t\t\t<div class=\"g7 solutions-content\">\n\t\t\t\t\t<h2>Sujets d'approvisionnement<\/h2>\n\t\t\t\t\t<p>Dans le sous-syst\u00e8me, il est possible de planifier ce qui sera command\u00e9 \u00e0 travers le plan d'achats et les \u00e9l\u00e9ments du plan d'achats, puis d'ouvrir des sujets d'achats. L'utilisateur, dans le sujet d'achats, peut regrouper plusieurs \u00e9l\u00e9ments de la demande d'achat.<\/p>\n\n\t\t\t\t\t\n\t\t\t\t\t<span class=\"bg-cloud cloud-top-right cloud could3 parallax-element\" data-top-bottom=\"transform: translateX(100%)\" data-bottom-top=\"transform: translateX(-40%)\"><\/span><span class=\"bg-cloud cloud-bottom-center cloud medium-cloud could3 parallax-element\" data-top-bottom=\"transform: translateX(-150%)\" data-bottom-top=\"transform: translateX(0%)\"><\/span>\t\t\t\t\t\n\t\t\t\t<\/div> \n\t\t\t\t<div class=\"g5 solutions-image\">\n\t\t\t\t\t<a class=\"wow bounceInUp\" href=\"https:\/\/www.appcrobms.com\/assets\/global\/pages\/presentation\/img\/procurement-subject.png\" rel=\"attachment\">\n\t\t\t\t\t\t<img decoding=\"async\" src=\"https:\/\/www.appcrobms.com\/assets\/global\/pages\/presentation\/img\/procurement-subject.png\">\n\t\t\t\t\t<\/a>\n\t\t\t\t<\/div>\n\t\t\t<\/div>\n\t\t<\/div>\n\t<\/div>\n\n\t\n\t\n\t\n\n\t<div class=\"solutions-row\">\n\t\t<div class=\"container\">\n\t\t\t<div class=\"row\">\n\t\t\t\t<div class=\"g7 solutions-content\">\n\t\t\t\t\t<h2>Propositions fournisseurs<\/h2>\n\t\t\t\t\t<p>Dans le module, il est possible de collecter les propositions des fournisseurs pour chaque groupe d'approvisionnement. Les fournisseurs envoient leurs offres relatives au groupe d'approvisionnement dans le sujet d'approvisionnement et proposent ou demandent un prix. L'utilisateur dispose d'une vue d'ensemble simple et de la possibilit\u00e9 de s\u00e9lectionner la meilleure proposition pour chaque groupe d'approvisionnement.<\/p>\n\n\t\t\t\t\t\n\t\t\t\t\t<span class=\"bg-cloud cloud-top-right cloud medium-cloud could3 parallax-element\" data-top-bottom=\"transform: translateX(-100%)\" data-bottom-top=\"transform: translateX(-40%)\"><\/span><span class=\"bg-cloud cloud-bottom-left cloud medium-cloud could3 parallax-element\" data-top-bottom=\"transform: translateX(150%)\" data-bottom-top=\"transform: translateX(0%)\"><\/span><span class=\"bg-cloud cloud-center-center cloud could3 parallax-element\" data-top-bottom=\"transform: translateX(150%)\" data-bottom-top=\"transform: translateX(0%)\"><\/span>\t\t\t\t\t\n\t\t\t\t<\/div> \n\t\t\t\t<div class=\"g5 solutions-image\">\n\t\t\t\t\t<a class=\"wow bounceInUp\" href=\"https:\/\/www.appcrobms.com\/assets\/global\/pages\/presentation\/img\/suppliers-proposals.png\" rel=\"attachment\">\n\t\t\t\t\t\t<img decoding=\"async\" src=\"https:\/\/www.appcrobms.com\/assets\/global\/pages\/presentation\/img\/suppliers-proposals.png\">\n\t\t\t\t\t<\/a>\n\t\t\t\t<\/div>\n\t\t\t<\/div>\n\t\t<\/div>\n\t<\/div>\n\n\t\n\t\n\t\n","protected":false},"excerpt":{"rendered":"","protected":false},"author":17,"featured_media":0,"parent":0,"menu_order":0,"comment_status":"closed","ping_status":"closed","template":"","meta":{"footnotes":""},"class_list":["post-8958","page","type-page","status-publish","hentry"],"aioseo_notices":[],"_links":{"self":[{"href":"https:\/\/www.appcrobms.com\/fr\/wp-json\/wp\/v2\/pages\/8958","targetHints":{"allow":["GET"]}}],"collection":[{"href":"https:\/\/www.appcrobms.com\/fr\/wp-json\/wp\/v2\/pages"}],"about":[{"href":"https:\/\/www.appcrobms.com\/fr\/wp-json\/wp\/v2\/types\/page"}],"author":[{"embeddable":true,"href":"https:\/\/www.appcrobms.com\/fr\/wp-json\/wp\/v2\/users\/17"}],"replies":[{"embeddable":true,"href":"https:\/\/www.appcrobms.com\/fr\/wp-json\/wp\/v2\/comments?post=8958"}],"version-history":[{"count":8,"href":"https:\/\/www.appcrobms.com\/fr\/wp-json\/wp\/v2\/pages\/8958\/revisions"}],"predecessor-version":[{"id":10828,"href":"https:\/\/www.appcrobms.com\/fr\/wp-json\/wp\/v2\/pages\/8958\/revisions\/10828"}],"wp:attachment":[{"href":"https:\/\/www.appcrobms.com\/fr\/wp-json\/wp\/v2\/media?parent=8958"}],"curies":[{"name":"wp","href":"https:\/\/api.w.org\/{rel}","templated":true}]}}