{"id":6873,"date":"2021-04-19T10:24:28","date_gmt":"2021-04-19T09:24:28","guid":{"rendered":"https:\/\/www.appcrobms.com\/?page_id=6873"},"modified":"2021-11-14T17:18:08","modified_gmt":"2021-11-14T16:18:08","slug":"temoignages","status":"publish","type":"page","link":"https:\/\/www.appcrobms.com\/fr\/temoignages\/","title":{"rendered":"T\u00e9moignages"},"content":{"rendered":"<style type='text\/css' media='all'>#tss-container-934443514.tss-wrapper .tss-layout10 .item-content-wrapper,\n\t\t\t\t\t#tss-container-934443514.tss-wrapper .tss-isotope3 .item-content-wrapper,\n\t\t\t\t\t#tss-container-934443514.tss-wrapper .tss-isotope5 .item-content-wrapper,\n\t\t\t\t\t#tss-container-934443514.tss-wrapper .tss-carousel10 .item-content-wrapper{background: transparent;}<\/style><div class='rt-container-fluid tss-wrapper ' id='tss-container-934443514'  data-layout='carousel5' data-desktop-col='3'  data-tab-col='1'  data-mobile-col='1'><div data-title='Loading ...' class='rt-row tss-carousel5 tss-even tss-pre-loader'><div class='tss-carousel' \n\t\t\t\t\t\t\t\t\t\tdata-loop='true'\n\t\t\t                            data-items-desktop='3'\n\t\t\t                            data-items-tab='1'\n\t\t\t                            data-items-mobile='1'\n\t\t\t                            data-autoplay='true'\n\t\t\t                            data-autoplay-timeout='5000'\n\t\t\t                            data-autoplay-hover-pause='true'\n\t\t\t                            data-dots='false'\n\t\t\t                            data-nav='true'\n\t\t\t                            data-lazy-load='false'\n\t\t\t                            data-auto-height='false'\n\t\t\t                            data-rtl='false'\n\t\t\t                            data-smart-speed='2000'\n\t\t\t\t\t\t\t\t\t\t><div class='rt-col-md-12 rt-col-sm-12 rt-col-xs-12 even-grid-item tss-grid-item carousel-item even-grid-item no-margin tss-img-circle'><div class=\"single-item-wrapper\"><div class=\"tss-meta-info tss-left\"><div class='profile-img-wrapper'><img loading=\"lazy\" decoding=\"async\" width=\"50\" height=\"50\" src=\"https:\/\/www.appcrobms.com\/aphujoaj\/robert-2.png\" class=\"rt-responsive-img\" alt=\"\" \/><\/div><\/div><div class=\"item-content-wrapper\"><div class='item-content'>Bref, des \u00e9loges pour la mise en \u0153uvre rapide de la plateforme APPCRO BMS dans notre entreprise. Je dois \u00e9galement f\u00e9liciter leur personnel tr\u00e8s professionnel et serviable. Nous sommes impressionn\u00e9s par la technologie ainsi que la quantit\u00e9 d'outils disponibles et de fonctionnalit\u00e9s de la plateforme.<\/div><h3 class='author-name'>Robert Kombol<\/h3><h4 class=\"author-bio\"><span class='author-designation'>CEO<\/span>, <span class='item-company'>BlueBoxIT<\/span><\/span><\/h4><\/div><\/div><\/div><div class='rt-col-md-12 rt-col-sm-12 rt-col-xs-12 even-grid-item tss-grid-item carousel-item even-grid-item no-margin tss-img-circle'><div class=\"single-item-wrapper\"><div class=\"tss-meta-info tss-left\"><div class='profile-img-wrapper'><img loading=\"lazy\" decoding=\"async\" width=\"50\" height=\"50\" src=\"https:\/\/www.appcrobms.com\/aphujoaj\/davor-2.png\" class=\"rt-responsive-img\" alt=\"\" \/><\/div><\/div><div class=\"item-content-wrapper\"><div class='item-content'>Gr\u00e2ce au fonds de l'UE, nous avons eu l'occasion de mettre en \u0153uvre la platforme APPCRO BMS. Nous sommes tr\u00e8s satisfaits de cette solution informatique, et nous avons donc en plus impl\u00e9ment\u00e9 le gestionnaire RGPD. Les syst\u00e8mes sont tr\u00e8s avanc\u00e9s et modernes, tandis que la mise en \u0153uvre est rapide.<\/div><h3 class='author-name'>Davor Stanko<\/h3><h4 class=\"author-bio\"><span class='author-designation'>CEO<\/span>, <span class='item-company'>Stanko Security<\/span><\/span><\/h4><\/div><\/div><\/div><div class='rt-col-md-12 rt-col-sm-12 rt-col-xs-12 even-grid-item tss-grid-item carousel-item even-grid-item no-margin tss-img-circle'><div class=\"single-item-wrapper\"><div class=\"tss-meta-info tss-left\"><div class='profile-img-wrapper'><img loading=\"lazy\" decoding=\"async\" width=\"50\" height=\"50\" src=\"https:\/\/www.appcrobms.com\/aphujoaj\/filip-2.png\" class=\"rt-responsive-img\" alt=\"\" \/><\/div><\/div><div class=\"item-content-wrapper\"><div class='item-content'>Depuis le d\u00e9but, nous avons une excellente coop\u00e9ration avec Appcro. Leurs solutions technologiques sont excellentes et nous utilisons actuellement plusieurs sous-syst\u00e8mes d\u2019APPCRO BMS. De plus, nous avons achet\u00e9 et impl\u00e9ment\u00e9 le gestionnaire RGPD qui facilite l'adaptation \u00e0 la nouvelle loi sur la s\u00e9curit\u00e9 des donn\u00e9es.<\/div><h3 class='author-name'>Filip Kisic<\/h3><h4 class=\"author-bio\"><span class='author-designation'>COO<\/span>, <span class='item-company'>K-Index<\/span><\/span><\/h4><\/div><\/div><\/div><div class='rt-col-md-12 rt-col-sm-12 rt-col-xs-12 even-grid-item tss-grid-item carousel-item even-grid-item no-margin tss-img-circle'><div class=\"single-item-wrapper\"><div class=\"tss-meta-info tss-left\"><div class='profile-img-wrapper'><img loading=\"lazy\" decoding=\"async\" width=\"50\" height=\"50\" src=\"https:\/\/www.appcrobms.com\/aphujoaj\/zlatko-2.png\" class=\"rt-responsive-img\" alt=\"\" \/><\/div><\/div><div class=\"item-content-wrapper\"><div class='item-content'>APPCRO BMS est une\u00a0 plateforme excellente. Nous avons acc\u00e9l\u00e9r\u00e9 nos processus d'affaires, augment\u00e9 nos revenus et \u00e9conomis\u00e9 de l'argent sur les ressources humaines et r\u00e9duit nos d\u00e9penses mat\u00e9rielles. De plus, notre exp\u00e9rience du support client d\u00e9passe les attentes. Mes recommandations sinc\u00e8res.<\/div><h3 class='author-name'>Zlatko Horvat<\/h3><h4 class=\"author-bio\"><span class='author-designation'>CEO<\/span>, <span class='item-company'>Info Nova<\/span><\/span><\/h4><\/div><\/div><\/div><div class='rt-col-md-12 rt-col-sm-12 rt-col-xs-12 even-grid-item tss-grid-item carousel-item even-grid-item no-margin tss-img-circle'><div class=\"single-item-wrapper\"><div class=\"tss-meta-info tss-left\"><div class='profile-img-wrapper'><img loading=\"lazy\" decoding=\"async\" width=\"50\" height=\"50\" src=\"https:\/\/www.appcrobms.com\/aphujoaj\/vitomir-2.png\" class=\"rt-responsive-img\" alt=\"\" \/><\/div><\/div><div class=\"item-content-wrapper\"><div class='item-content'>La plate-forme APPCRO BMS a facilit\u00e9 l'organisation de notre entreprise et a consid\u00e9rablement am\u00e9lior\u00e9 notre activit\u00e9. Le produit lui-m\u00eame est excellent, la pl\u00e9nitude de la fonctionnalit\u00e9 et la masse en bouche est rapide. Dans tous les cas, mes recommandations \u00e0 ceux qui sont susceptibles d'acc\u00e9l\u00e9rer leur processus d'affaires.<\/div><h3 class='author-name'>Vitomir Lucic<\/h3><h4 class=\"author-bio\"><span class='author-designation'>CEO<\/span>, <span class='item-company'>Boost<\/span><\/span><\/h4><\/div><\/div><\/div><\/div><div class=\"rt-loading-overlay\"><\/div><div class=\"rt-loading rt-ball-clip-rotate\"><div><\/div><\/div><\/div><\/div>\n","protected":false},"excerpt":{"rendered":"","protected":false},"author":3,"featured_media":0,"parent":0,"menu_order":0,"comment_status":"closed","ping_status":"closed","template":"","meta":{"footnotes":""},"class_list":["post-6873","page","type-page","status-publish","hentry"],"aioseo_notices":[],"_links":{"self":[{"href":"https:\/\/www.appcrobms.com\/fr\/wp-json\/wp\/v2\/pages\/6873","targetHints":{"allow":["GET"]}}],"collection":[{"href":"https:\/\/www.appcrobms.com\/fr\/wp-json\/wp\/v2\/pages"}],"about":[{"href":"https:\/\/www.appcrobms.com\/fr\/wp-json\/wp\/v2\/types\/page"}],"author":[{"embeddable":true,"href":"https:\/\/www.appcrobms.com\/fr\/wp-json\/wp\/v2\/users\/3"}],"replies":[{"embeddable":true,"href":"https:\/\/www.appcrobms.com\/fr\/wp-json\/wp\/v2\/comments?post=6873"}],"version-history":[{"count":2,"href":"https:\/\/www.appcrobms.com\/fr\/wp-json\/wp\/v2\/pages\/6873\/revisions"}],"predecessor-version":[{"id":7459,"href":"https:\/\/www.appcrobms.com\/fr\/wp-json\/wp\/v2\/pages\/6873\/revisions\/7459"}],"wp:attachment":[{"href":"https:\/\/www.appcrobms.com\/fr\/wp-json\/wp\/v2\/media?parent=6873"}],"curies":[{"name":"wp","href":"https:\/\/api.w.org\/{rel}","templated":true}]}}