{"id":3407,"date":"2019-07-15T18:37:53","date_gmt":"2019-07-15T17:37:53","guid":{"rendered":"http:\/\/www.appcrobms.com\/?page_id=3407"},"modified":"2025-10-28T14:46:28","modified_gmt":"2025-10-28T13:46:28","slug":"produit","status":"publish","type":"page","link":"https:\/\/www.appcrobms.com\/fr\/produit\/","title":{"rendered":"Produit"},"content":{"rendered":"\n\t<div class=\"solutions-row\">\n\t\t<div class=\"container\">\n\t\t\t<div class=\"row\">\n\t\t\t\t<div class=\"g7 solutions-content\">\n\t\t\t\t\t<h2>APPCRO BMS Sous-syst\u00e8mes<\/h2>\n\t\t\t\t\t<p>La plate-forme APPCRO BMS se compose de sous-syst\u00e8mes primaires orient\u00e9s vers les processus et de sous-syst\u00e8mes de soutien qui sont tous interconnect\u00e9s mais \u00e9galement ind\u00e9pendants. Chaque entreprise s\u00e9lectionne un ou plusieurs syst\u00e8mes de plate-forme en fonction de ses besoins et des solutions existantes qu'elle poss\u00e8de ou avec lesquelles elle souhaite s'int\u00e9grer.<\/p>\n<p>Les sous-syst\u00e8mes de la plate-forme sont: <strong>Core; Collaboration; Marketing; Activit\u00e9s de vente;  Gestion des contrats; Gestion de projets; Gestion de factures; Service Desk; Gestion d\u2019actifs; Vue \u00e0 360\u00b0; Suivi des e-mails; Bureau \u00e9lectronique num\u00e9rique (DMS); Gestion des achats; Resources Humaines; Intranet; Gestion RGPD; Gouvernance de l'entreprise; Portails externes; Stockage. <\/strong><br \/>\n<\/p>\n\n\t\t\t\t\t\t\t\t\t\t\t<a class=\"button alt icon\" href=\"https:\/\/www.appcrobms.com\/fr\/presentation\/\"><span>En Savior Plus<\/span><\/a>\n\t\t\t\t\t\n\t\t\t\t\t<span class=\"bg-cloud cloud-top-right cloud medium-cloud could3 parallax-element\" data-top-bottom=\"transform: translateX(-100%)\" data-bottom-top=\"transform: translateX(-40%)\"><\/span><span class=\"bg-cloud cloud-bottom-left cloud medium-cloud could3 parallax-element\" data-top-bottom=\"transform: translateX(150%)\" data-bottom-top=\"transform: translateX(0%)\"><\/span><span class=\"bg-cloud cloud-center-center cloud could3 parallax-element\" data-top-bottom=\"transform: translateX(150%)\" data-bottom-top=\"transform: translateX(0%)\"><\/span>\t\t\t\t\t\n\t\t\t\t<\/div> \n\t\t\t\t<div class=\"g5 solutions-image\">\n\t\t\t\t\t<a class=\"wow bounceInUp\" href=\"https:\/\/www.appcrobms.com\/assets\/en\/podsustavi\/00-dashboard\/Infinity-ECM-subsystems.png\" rel=\"attachment\">\n\t\t\t\t\t\t<img decoding=\"async\" src=\"https:\/\/www.appcrobms.com\/assets\/en\/podsustavi\/00-dashboard\/Infinity-ECM-subsystems.png\">\n\t\t\t\t\t<\/a>\n\t\t\t\t<\/div>\n\t\t\t<\/div>\n\t\t<\/div>\n\t<\/div>\n\n\t\n\t\n\t\n","protected":false},"excerpt":{"rendered":"","protected":false},"author":4,"featured_media":0,"parent":0,"menu_order":0,"comment_status":"closed","ping_status":"closed","template":"page-templates\/subpages.php","meta":{"footnotes":""},"class_list":["post-3407","page","type-page","status-publish","hentry"],"aioseo_notices":[],"_links":{"self":[{"href":"https:\/\/www.appcrobms.com\/fr\/wp-json\/wp\/v2\/pages\/3407","targetHints":{"allow":["GET"]}}],"collection":[{"href":"https:\/\/www.appcrobms.com\/fr\/wp-json\/wp\/v2\/pages"}],"about":[{"href":"https:\/\/www.appcrobms.com\/fr\/wp-json\/wp\/v2\/types\/page"}],"author":[{"embeddable":true,"href":"https:\/\/www.appcrobms.com\/fr\/wp-json\/wp\/v2\/users\/4"}],"replies":[{"embeddable":true,"href":"https:\/\/www.appcrobms.com\/fr\/wp-json\/wp\/v2\/comments?post=3407"}],"version-history":[{"count":9,"href":"https:\/\/www.appcrobms.com\/fr\/wp-json\/wp\/v2\/pages\/3407\/revisions"}],"predecessor-version":[{"id":9658,"href":"https:\/\/www.appcrobms.com\/fr\/wp-json\/wp\/v2\/pages\/3407\/revisions\/9658"}],"wp:attachment":[{"href":"https:\/\/www.appcrobms.com\/fr\/wp-json\/wp\/v2\/media?parent=3407"}],"curies":[{"name":"wp","href":"https:\/\/api.w.org\/{rel}","templated":true}]}}