{"id":10876,"date":"2025-01-08T14:32:35","date_gmt":"2025-01-08T13:32:35","guid":{"rendered":"https:\/\/www.appcrobms.com\/?page_id=10876"},"modified":"2025-04-17T14:36:45","modified_gmt":"2025-04-17T13:36:45","slug":"documents-2","status":"publish","type":"page","link":"https:\/\/www.appcrobms.com\/fr\/documents-2\/","title":{"rendered":"Documents"},"content":{"rendered":"<div class=\"dslc-modules-area dslc-col dslc-7-col dslc-last-col\" data-size=\"7\">\n<div id=\"dslc-module-89c0c31ace4\" class=\"dslc-module-front dslc-module-DSLC_Text_Simple dslc-in-viewport-check dslc-in-viewport-anim-none dslc-col dslc-12-col dslc-last-col dslc-module-handle-like-regular dslc-in-viewport\" data-module-id=\"89c0c31ace4\" data-dslc-module-id=\"DSLC_Text_Simple\" data-dslc-module-size=\"12\" data-dslc-anim=\"none\" data-dslc-anim-delay=\"\" data-dslc-anim-duration=\"650\" data-dslc-anim-easing=\"ease\" data-dslc-preset=\"none\">\n<div class=\"dslc-text-module-content\">\n<p>Vous pouvez trouver plus d&#8217;informations ici et t\u00e9l\u00e9charger les fichiers cl\u00e9s li\u00e9s \u00e0 l&#8217;APPCRO BMS.<\/p>\n<\/div>\n<\/div>\n<\/div>\n","protected":false},"excerpt":{"rendered":"<p>Vous pouvez trouver plus d&#8217;informations ici et t\u00e9l\u00e9charger les fichiers &#8230;<\/p>\n","protected":false},"author":31,"featured_media":0,"parent":0,"menu_order":0,"comment_status":"closed","ping_status":"closed","template":"page-templates\/docs.php","meta":{"footnotes":""},"class_list":["post-10876","page","type-page","status-publish","hentry"],"aioseo_notices":[],"_links":{"self":[{"href":"https:\/\/www.appcrobms.com\/fr\/wp-json\/wp\/v2\/pages\/10876","targetHints":{"allow":["GET"]}}],"collection":[{"href":"https:\/\/www.appcrobms.com\/fr\/wp-json\/wp\/v2\/pages"}],"about":[{"href":"https:\/\/www.appcrobms.com\/fr\/wp-json\/wp\/v2\/types\/page"}],"author":[{"embeddable":true,"href":"https:\/\/www.appcrobms.com\/fr\/wp-json\/wp\/v2\/users\/31"}],"replies":[{"embeddable":true,"href":"https:\/\/www.appcrobms.com\/fr\/wp-json\/wp\/v2\/comments?post=10876"}],"version-history":[{"count":3,"href":"https:\/\/www.appcrobms.com\/fr\/wp-json\/wp\/v2\/pages\/10876\/revisions"}],"predecessor-version":[{"id":10879,"href":"https:\/\/www.appcrobms.com\/fr\/wp-json\/wp\/v2\/pages\/10876\/revisions\/10879"}],"wp:attachment":[{"href":"https:\/\/www.appcrobms.com\/fr\/wp-json\/wp\/v2\/media?parent=10876"}],"curies":[{"name":"wp","href":"https:\/\/api.w.org\/{rel}","templated":true}]}}