{"id":8948,"date":"2023-06-27T08:49:51","date_gmt":"2023-06-27T07:49:51","guid":{"rendered":"https:\/\/www.appcrobms.com\/?page_id=8948"},"modified":"2025-02-13T12:07:40","modified_gmt":"2025-02-13T11:07:40","slug":"beschaffungsmanagement","status":"publish","type":"page","link":"https:\/\/www.appcrobms.com\/de\/products\/beschaffungsmanagement\/","title":{"rendered":"Beschaffungsmanagement"},"content":{"rendered":"\n\t<div class=\"solutions-row\">\n\t\t<div class=\"container\">\n\t\t\t<div class=\"row\">\n\t\t\t\t<div class=\"g7 solutions-content\">\n\t\t\t\t\t<h2>Beschaffungsmanagement<\/h2>\n\t\t\t\t\t<p>Umfasst die detaillierte Planung der Beschaffung, Beschaffungsgruppen, Ausschreibungsplan, Beschaffungsanforderungen, den Beschaffungsumsetzungsprozess mit Aufzeichnungen der eingereichten Angebote, deren Bewertung und Auswahl der besten angebotenen Gebote; Erstellung von Vorlagendokumenten.<\/p>\n\n\t\t\t\t\t\n\t\t\t\t\t<span class=\"bg-cloud cloud-top-right cloud medium-cloud could3 parallax-element\" data-top-bottom=\"transform: translateX(-100%)\" data-bottom-top=\"transform: translateX(-40%)\"><\/span><span class=\"bg-cloud cloud-bottom-left cloud medium-cloud could3 parallax-element\" data-top-bottom=\"transform: translateX(150%)\" data-bottom-top=\"transform: translateX(0%)\"><\/span><span class=\"bg-cloud cloud-center-center cloud could3 parallax-element\" data-top-bottom=\"transform: translateX(150%)\" data-bottom-top=\"transform: translateX(0%)\"><\/span>\t\t\t\t\t\n\t\t\t\t<\/div> \n\t\t\t\t<div class=\"g5 solutions-image\">\n\t\t\t\t\t<a class=\"wow bounceInUp\" href=\"https:\/\/www.appcrobms.com\/assets\/global\/pages\/presentation\/img\/procurement.png\" rel=\"attachment\">\n\t\t\t\t\t\t<img decoding=\"async\" src=\"https:\/\/www.appcrobms.com\/assets\/global\/pages\/presentation\/img\/procurement.png\">\n\t\t\t\t\t<\/a>\n\t\t\t\t<\/div>\n\t\t\t<\/div>\n\t\t<\/div>\n\t<\/div>\n\n\t\n\t\n\t\n\n\t<div class=\"solutions-row alt\">\n\t\t<div class=\"container\">\n\t\t\t<div class=\"row\">\n\t\t\t\t<div class=\"g7 solutions-content\">\n\t\t\t\t\t<h2>Finanzpl\u00e4ne<\/h2>\n\t\t\t\t\t<p>Um das Geld im Unternehmen besser zu verwalten, m\u00fcssen Sie einen Finanzplan erstellen. Das Modul bietet eine einfache M\u00f6glichkeit zur Verfolgung von Einnahmen und Ausgaben sowie zur Erstellung von kurz- oder langfristigen Pl\u00e4nen. So haben Sie eine einfache finanzielle Kontrolle.<\/p>\n\n\t\t\t\t\t\n\t\t\t\t\t<span class=\"bg-cloud cloud-top-right cloud could3 parallax-element\" data-top-bottom=\"transform: translateX(100%)\" data-bottom-top=\"transform: translateX(-40%)\"><\/span><span class=\"bg-cloud cloud-bottom-center cloud medium-cloud could3 parallax-element\" data-top-bottom=\"transform: translateX(-150%)\" data-bottom-top=\"transform: translateX(0%)\"><\/span>\t\t\t\t\t\n\t\t\t\t<\/div> \n\t\t\t\t<div class=\"g5 solutions-image\">\n\t\t\t\t\t<a class=\"wow bounceInUp\" href=\"https:\/\/www.appcrobms.com\/assets\/global\/pages\/presentation\/img\/procurement-plans.png\" rel=\"attachment\">\n\t\t\t\t\t\t<img decoding=\"async\" src=\"https:\/\/www.appcrobms.com\/assets\/global\/pages\/presentation\/img\/procurement-plans.png\">\n\t\t\t\t\t<\/a>\n\t\t\t\t<\/div>\n\t\t\t<\/div>\n\t\t<\/div>\n\t<\/div>\n\n\t\n\t\n\t\n\n\t<div class=\"solutions-row\">\n\t\t<div class=\"container\">\n\t\t\t<div class=\"row\">\n\t\t\t\t<div class=\"g7 solutions-content\">\n\t\t\t\t\t<h2>Beschaffungspl\u00e4ne<\/h2>\n\t\t\t\t\t<p>Die Gesch\u00e4ftsbeschaffungsplanung ist eine der wichtigeren Aktivit\u00e4ten. Planen Sie den Prozess der Bestimmung Ihrer Mission und Ziele. Im Modul k\u00f6nnen die Positionen des Beschaffungsplans definiert werden (was bestellt werden soll), die im Beschaffungsplan enthalten sind. Es ist auch m\u00f6glich, Beschaffungsanforderungsformulare von Mitarbeitern zu sammeln.<\/p>\n\n\t\t\t\t\t\n\t\t\t\t\t<span class=\"bg-cloud cloud-top-right cloud medium-cloud could3 parallax-element\" data-top-bottom=\"transform: translateX(-100%)\" data-bottom-top=\"transform: translateX(-40%)\"><\/span><span class=\"bg-cloud cloud-bottom-left cloud medium-cloud could3 parallax-element\" data-top-bottom=\"transform: translateX(150%)\" data-bottom-top=\"transform: translateX(0%)\"><\/span><span class=\"bg-cloud cloud-center-center cloud could3 parallax-element\" data-top-bottom=\"transform: translateX(150%)\" data-bottom-top=\"transform: translateX(0%)\"><\/span>\t\t\t\t\t\n\t\t\t\t<\/div> \n\t\t\t\t<div class=\"g5 solutions-image\">\n\t\t\t\t\t<a class=\"wow bounceInUp\" href=\"https:\/\/www.appcrobms.com\/assets\/en\/podsustavi\/00-dashboard\/procurement-plan.png\" rel=\"attachment\">\n\t\t\t\t\t\t<img decoding=\"async\" src=\"https:\/\/www.appcrobms.com\/assets\/en\/podsustavi\/00-dashboard\/procurement-plan.png\">\n\t\t\t\t\t<\/a>\n\t\t\t\t<\/div>\n\t\t\t<\/div>\n\t\t<\/div>\n\t<\/div>\n\n\t\n\t\n\t\n\n\t<div class=\"solutions-row alt\">\n\t\t<div class=\"container\">\n\t\t\t<div class=\"row\">\n\t\t\t\t<div class=\"g7 solutions-content\">\n\t\t\t\t\t<h2>Beschaffungsthemen<\/h2>\n\t\t\t\t\t<p>Im Subsystem ist es m\u00f6glich, durch den Beschaffungsplan und die Beschaffungsplanpositionen zu planen, was bestellt werden soll, und anschlie\u00dfend Beschaffungsthemen zu \u00f6ffnen. Der Benutzer kann im Beschaffungsthema mehrere Positionen der Bestellanfrage gruppieren.<\/p>\n\n\t\t\t\t\t\n\t\t\t\t\t<span class=\"bg-cloud cloud-top-right cloud could3 parallax-element\" data-top-bottom=\"transform: translateX(100%)\" data-bottom-top=\"transform: translateX(-40%)\"><\/span><span class=\"bg-cloud cloud-bottom-center cloud medium-cloud could3 parallax-element\" data-top-bottom=\"transform: translateX(-150%)\" data-bottom-top=\"transform: translateX(0%)\"><\/span>\t\t\t\t\t\n\t\t\t\t<\/div> \n\t\t\t\t<div class=\"g5 solutions-image\">\n\t\t\t\t\t<a class=\"wow bounceInUp\" href=\"https:\/\/www.appcrobms.com\/assets\/global\/pages\/presentation\/img\/procurement-subject.png\" rel=\"attachment\">\n\t\t\t\t\t\t<img decoding=\"async\" src=\"https:\/\/www.appcrobms.com\/assets\/global\/pages\/presentation\/img\/procurement-subject.png\">\n\t\t\t\t\t<\/a>\n\t\t\t\t<\/div>\n\t\t\t<\/div>\n\t\t<\/div>\n\t<\/div>\n\n\t\n\t\n\t\n\n\t<div class=\"solutions-row\">\n\t\t<div class=\"container\">\n\t\t\t<div class=\"row\">\n\t\t\t\t<div class=\"g7 solutions-content\">\n\t\t\t\t\t<h2>Lieferantenvorschl\u00e4ge<\/h2>\n\t\t\t\t\t<p>Im Modul ist es m\u00f6glich, Lieferantenangebote f\u00fcr jede Beschaffungsgruppe zu sammeln. Die Lieferanten senden ihre Angebote im Beschaffungsthema, die sich auf die Beschaffungsgruppe beziehen, und schlagen oder fordern einen Preis. Der Benutzer hat eine einfache \u00dcbersicht und die M\u00f6glichkeit, das beste Angebot f\u00fcr jede Beschaffungsgruppe auszuw\u00e4hlen.<\/p>\n\n\t\t\t\t\t\n\t\t\t\t\t<span class=\"bg-cloud cloud-top-right cloud medium-cloud could3 parallax-element\" data-top-bottom=\"transform: translateX(-100%)\" data-bottom-top=\"transform: translateX(-40%)\"><\/span><span class=\"bg-cloud cloud-bottom-left cloud medium-cloud could3 parallax-element\" data-top-bottom=\"transform: translateX(150%)\" data-bottom-top=\"transform: translateX(0%)\"><\/span><span class=\"bg-cloud cloud-center-center cloud could3 parallax-element\" data-top-bottom=\"transform: translateX(150%)\" data-bottom-top=\"transform: translateX(0%)\"><\/span>\t\t\t\t\t\n\t\t\t\t<\/div> \n\t\t\t\t<div class=\"g5 solutions-image\">\n\t\t\t\t\t<a class=\"wow bounceInUp\" href=\"https:\/\/www.appcrobms.com\/assets\/global\/pages\/presentation\/img\/suppliers-proposals.png\" rel=\"attachment\">\n\t\t\t\t\t\t<img decoding=\"async\" src=\"https:\/\/www.appcrobms.com\/assets\/global\/pages\/presentation\/img\/suppliers-proposals.png\">\n\t\t\t\t\t<\/a>\n\t\t\t\t<\/div>\n\t\t\t<\/div>\n\t\t<\/div>\n\t<\/div>\n\n\t\n\t\n\t\n\n\t<div class=\"solutions-row alt\">\n\t\t<div class=\"container\">\n\t\t\t<div class=\"row\">\n\t\t\t\t<div class=\"g7 solutions-content\">\n\t\t\t\t\t<h2><\/h2>\n\t\t\t\t\t<p>Ein Flyer mit weiteren Informationen \u00fcber dieses Teilsystem und seine Module:<\/p>\n\n\t\t\t\t\t\t\t\t\t\t\t<a class=\"button alt icon\" href=\"http:\/\/www.appcrobms.com\/aphujoaj\/procurement-management-letak-v3-web.pdf\"><span>Herunterladen<\/span><\/a>\n\t\t\t\t\t\n\t\t\t\t\t<span class=\"bg-cloud cloud-top-right cloud could3 parallax-element\" data-top-bottom=\"transform: translateX(100%)\" data-bottom-top=\"transform: translateX(-40%)\"><\/span><span class=\"bg-cloud cloud-bottom-center cloud medium-cloud could3 parallax-element\" data-top-bottom=\"transform: translateX(-150%)\" data-bottom-top=\"transform: translateX(0%)\"><\/span>\t\t\t\t\t\n\t\t\t\t<\/div> \n\t\t\t\t<div class=\"g5 solutions-image\">\n\t\t\t\t\t<a class=\"wow bounceInUp\" href=\"https:\/\/www.appcrobms.com\/assets\/en\/podsustavi\/letci\/procurement management letak v3-01.png\" rel=\"attachment\">\n\t\t\t\t\t\t<img decoding=\"async\" src=\"https:\/\/www.appcrobms.com\/assets\/en\/podsustavi\/letci\/procurement management letak v3-01.png\">\n\t\t\t\t\t<\/a>\n\t\t\t\t<\/div>\n\t\t\t<\/div>\n\t\t<\/div>\n\t<\/div>\n\n\t\n\t\n\t\n","protected":false},"excerpt":{"rendered":"","protected":false},"author":17,"featured_media":0,"parent":3676,"menu_order":0,"comment_status":"closed","ping_status":"closed","template":"","meta":{"footnotes":""},"class_list":["post-8948","page","type-page","status-publish","hentry"],"aioseo_notices":[],"_links":{"self":[{"href":"https:\/\/www.appcrobms.com\/de\/wp-json\/wp\/v2\/pages\/8948","targetHints":{"allow":["GET"]}}],"collection":[{"href":"https:\/\/www.appcrobms.com\/de\/wp-json\/wp\/v2\/pages"}],"about":[{"href":"https:\/\/www.appcrobms.com\/de\/wp-json\/wp\/v2\/types\/page"}],"author":[{"embeddable":true,"href":"https:\/\/www.appcrobms.com\/de\/wp-json\/wp\/v2\/users\/17"}],"replies":[{"embeddable":true,"href":"https:\/\/www.appcrobms.com\/de\/wp-json\/wp\/v2\/comments?post=8948"}],"version-history":[{"count":9,"href":"https:\/\/www.appcrobms.com\/de\/wp-json\/wp\/v2\/pages\/8948\/revisions"}],"predecessor-version":[{"id":11392,"href":"https:\/\/www.appcrobms.com\/de\/wp-json\/wp\/v2\/pages\/8948\/revisions\/11392"}],"up":[{"embeddable":true,"href":"https:\/\/www.appcrobms.com\/de\/wp-json\/wp\/v2\/pages\/3676"}],"wp:attachment":[{"href":"https:\/\/www.appcrobms.com\/de\/wp-json\/wp\/v2\/media?parent=8948"}],"curies":[{"name":"wp","href":"https:\/\/api.w.org\/{rel}","templated":true}]}}