{"id":6846,"date":"2021-04-15T14:50:16","date_gmt":"2021-04-15T13:50:16","guid":{"rendered":"https:\/\/www.appcrobms.com\/?page_id=6846"},"modified":"2025-06-04T08:57:16","modified_gmt":"2025-06-04T07:57:16","slug":"human-resources","status":"publish","type":"page","link":"https:\/\/www.appcrobms.com\/de\/products\/human-resources\/","title":{"rendered":"Humanressourcen"},"content":{"rendered":"\n\t<div class=\"solutions-row\">\n\t\t<div class=\"container\">\n\t\t\t<div class=\"row\">\n\t\t\t\t<div class=\"g7 solutions-content\">\n\t\t\t\t\t<h2>Humanressourcen<\/h2>\n\t\t\t\t\t<p>Hinter der Produktion jedes Produkts stehen menschliche Anstrengungen und Arbeitsstunden. Personalressourcen sind ein wesentlicher Bestandteil jedes Teams. Das Personal, dessen Wissen, F\u00e4higkeiten, Fertigkeiten und Kompetenzen sind Schl\u00fcsselfaktoren f\u00fcr den erfolgreichen Betrieb und die Funktionsweise eines Unternehmens, einer Organisation oder einer Institution. Das Subsystem erm\u00f6glicht das Management von Rekrutierung, Auswahl, Mitarbeitermotivation, Schulung und Entwicklung, die Bewertung der Mitarbeiterleistung, Entscheidungen \u00fcber Verg\u00fctungen und Leistungen usw.<\/p>\n\n\t\t\t\t\t\n\t\t\t\t\t<span class=\"bg-cloud cloud-top-right cloud medium-cloud could3 parallax-element\" data-top-bottom=\"transform: translateX(-100%)\" data-bottom-top=\"transform: translateX(-40%)\"><\/span><span class=\"bg-cloud cloud-bottom-left cloud medium-cloud could3 parallax-element\" data-top-bottom=\"transform: translateX(150%)\" data-bottom-top=\"transform: translateX(0%)\"><\/span><span class=\"bg-cloud cloud-center-center cloud could3 parallax-element\" data-top-bottom=\"transform: translateX(150%)\" data-bottom-top=\"transform: translateX(0%)\"><\/span>\t\t\t\t\t\n\t\t\t\t<\/div> \n\t\t\t\t<div class=\"g5 solutions-image\">\n\t\t\t\t\t<a class=\"wow bounceInUp\" href=\"https:\/\/www.appcrobms.com\/assets\/global\/pages\/presentation\/human-resources_2.png\" rel=\"attachment\">\n\t\t\t\t\t\t<img decoding=\"async\" src=\"https:\/\/www.appcrobms.com\/assets\/global\/pages\/presentation\/human-resources_2.png\">\n\t\t\t\t\t<\/a>\n\t\t\t\t<\/div>\n\t\t\t<\/div>\n\t\t<\/div>\n\t<\/div>\n\n\t\n\t\n\t\n\n\t<div class=\"solutions-row alt\">\n\t\t<div class=\"container\">\n\t\t\t<div class=\"row\">\n\t\t\t\t<div class=\"g7 solutions-content\">\n\t\t\t\t\t<h2>Mitarbeitermanagement<\/h2>\n\t\t\t\t\t<p>Das HRM-Modul erm\u00f6glicht einen einfachen und schnellen \u00dcberblick \u00fcber alle notwendigen Informationen f\u00fcr jeden einzelnen Mitarbeiter. Neben den grundlegenden Informationen ist es auch m\u00f6glich, alle Daten \u00fcber den Benutzer zu speichern, wie z.B. Geburtsdatum, Zertifikate, Ausbildung, Zahlungen, Abwesenheiten, Reiseanordnungen und \u00e4hnliches. Alle aktiven Daten der Mitarbeiter k\u00f6nnen an einem Ort eingesehen werden, ohne sie an mehreren Stellen erfassen zu m\u00fcssen. Es ist auch m\u00f6glich, Anh\u00e4nge in verschiedenen Formaten (PDF, xls, txt, JPG) zu speichern, sodass alle notwendigen Scans oder Dokumente, die f\u00fcr das Mitarbeiterprofil wichtig sind, abgelegt werden k\u00f6nnen.<\/p>\n\n\t\t\t\t\t\n\t\t\t\t\t<span class=\"bg-cloud cloud-top-right cloud could3 parallax-element\" data-top-bottom=\"transform: translateX(100%)\" data-bottom-top=\"transform: translateX(-40%)\"><\/span><span class=\"bg-cloud cloud-bottom-center cloud medium-cloud could3 parallax-element\" data-top-bottom=\"transform: translateX(-150%)\" data-bottom-top=\"transform: translateX(0%)\"><\/span>\t\t\t\t\t\n\t\t\t\t<\/div> \n\t\t\t\t<div class=\"g5 solutions-image\">\n\t\t\t\t\t<a class=\"wow bounceInUp\" href=\"https:\/\/www.appcrobms.com\/assets\/en\/podsustavi\/00-dashboard\/employees-overview.png\" rel=\"attachment\">\n\t\t\t\t\t\t<img decoding=\"async\" src=\"https:\/\/www.appcrobms.com\/assets\/en\/podsustavi\/00-dashboard\/employees-overview.png\">\n\t\t\t\t\t<\/a>\n\t\t\t\t<\/div>\n\t\t\t<\/div>\n\t\t<\/div>\n\t<\/div>\n\n\t\n\t\n\t\n\n\t<div class=\"solutions-row\">\n\t\t<div class=\"container\">\n\t\t\t<div class=\"row\">\n\t\t\t\t<div class=\"g7 solutions-content\">\n\t\t\t\t\t<h2>Zertifikate<\/h2>\n\t\t\t\t\t<p>Verwalten Sie die Zertifikate von Mitarbeitern und der Organisation. Das Modul erm\u00f6glicht die Erstellung und \u00dcberpr\u00fcfung einzelner Zertifikate, deren G\u00fcltigkeitsdauer und Technologie. Zus\u00e4tzlich zu den Informationen und Details zum Zertifikat selbst k\u00f6nnen auch die Teilnehmer, der Status sowie die G\u00fcltigkeit aller an das Zertifikat angeh\u00e4ngten Dokumente eingesehen werden. Es ist auch m\u00f6glich, die Technologie, Version, das Ausstellungsdatum, den Aussteller des Zertifikats, den Inhaber des Zertifikats sowie eine Gesamt\u00fcbersicht \u00fcber alle Zertifikate im Unternehmen zuzuweisen.<\/p>\n\n\t\t\t\t\t\n\t\t\t\t\t<span class=\"bg-cloud cloud-top-right cloud medium-cloud could3 parallax-element\" data-top-bottom=\"transform: translateX(-100%)\" data-bottom-top=\"transform: translateX(-40%)\"><\/span><span class=\"bg-cloud cloud-bottom-left cloud medium-cloud could3 parallax-element\" data-top-bottom=\"transform: translateX(150%)\" data-bottom-top=\"transform: translateX(0%)\"><\/span><span class=\"bg-cloud cloud-center-center cloud could3 parallax-element\" data-top-bottom=\"transform: translateX(150%)\" data-bottom-top=\"transform: translateX(0%)\"><\/span>\t\t\t\t\t\n\t\t\t\t<\/div> \n\t\t\t\t<div class=\"g5 solutions-image\">\n\t\t\t\t\t<a class=\"wow bounceInUp\" href=\"https:\/\/www.appcrobms.com\/assets\/en\/podsustavi\/00-dashboard\/hrm-certificates.png\" rel=\"attachment\">\n\t\t\t\t\t\t<img decoding=\"async\" src=\"https:\/\/www.appcrobms.com\/assets\/en\/podsustavi\/00-dashboard\/hrm-certificates.png\">\n\t\t\t\t\t<\/a>\n\t\t\t\t<\/div>\n\t\t\t<\/div>\n\t\t<\/div>\n\t<\/div>\n\n\t\n\t\n\t\n\n\t<div class=\"solutions-row alt\">\n\t\t<div class=\"container\">\n\t\t\t<div class=\"row\">\n\t\t\t\t<div class=\"g7 solutions-content\">\n\t\t\t\t\t<h2>Abwesenheitsregister<\/h2>\n\t\t\t\t\t<p>Das HRM-Modul bietet Zugriff auf alle geplanten und durchgef\u00fchrten Abwesenheiten jedes einzelnen Mitarbeiters. Ein Mitarbeiter kann eigenst\u00e4ndig eine Abwesenheit f\u00fcr das gew\u00fcnschte Datum erstellen und zur Genehmigung einreichen, woraufhin sein Vorgesetzter diese Abwesenheit entweder ablehnen oder genehmigen kann. Auf diese Weise kann der Prozess der Planung und Verwaltung von Mitarbeitern erleichtert und beschleunigt werden. Auf einfache und intuitive Weise wird eine \u00dcbersicht \u00fcber alle Abwesenheiten jedes Mitarbeiters angezeigt, in der alle notwendigen Daten wie Datum, Status, Urlaubs- und Freizeittageplan, genutzte und genehmigte Tage sichtbar sind.<\/p>\n\n\t\t\t\t\t\n\t\t\t\t\t<span class=\"bg-cloud cloud-top-right cloud could3 parallax-element\" data-top-bottom=\"transform: translateX(100%)\" data-bottom-top=\"transform: translateX(-40%)\"><\/span><span class=\"bg-cloud cloud-bottom-center cloud medium-cloud could3 parallax-element\" data-top-bottom=\"transform: translateX(-150%)\" data-bottom-top=\"transform: translateX(0%)\"><\/span>\t\t\t\t\t\n\t\t\t\t<\/div> \n\t\t\t\t<div class=\"g5 solutions-image\">\n\t\t\t\t\t<a class=\"wow bounceInUp\" href=\"https:\/\/www.appcrobms.com\/assets\/en\/podsustavi\/00-dashboard\/timeoffs-about.png\" rel=\"attachment\">\n\t\t\t\t\t\t<img decoding=\"async\" src=\"https:\/\/www.appcrobms.com\/assets\/en\/podsustavi\/00-dashboard\/timeoffs-about.png\">\n\t\t\t\t\t<\/a>\n\t\t\t\t<\/div>\n\t\t\t<\/div>\n\t\t<\/div>\n\t<\/div>\n\n\t\n\t\n\t\n\n\t<div class=\"solutions-row\">\n\t\t<div class=\"container\">\n\t\t\t<div class=\"row\">\n\t\t\t\t<div class=\"g7 solutions-content\">\n\t\t\t\t\t<h2><\/h2>\n\t\t\t\t\t<p>Ein Flyer mit weiteren Informationen \u00fcber dieses Teilsystem und seine Module:<\/p>\n\n\t\t\t\t\t\t\t\t\t\t\t<a class=\"button alt icon\" href=\"http:\/\/www.appcrobms.com\/aphujoaj\/human-resources-letak-v4-web.pdf\"><span>Herunterladen<\/span><\/a>\n\t\t\t\t\t\n\t\t\t\t\t<span class=\"bg-cloud cloud-top-right cloud medium-cloud could3 parallax-element\" data-top-bottom=\"transform: translateX(-100%)\" data-bottom-top=\"transform: translateX(-40%)\"><\/span><span class=\"bg-cloud cloud-bottom-left cloud medium-cloud could3 parallax-element\" data-top-bottom=\"transform: translateX(150%)\" data-bottom-top=\"transform: translateX(0%)\"><\/span><span class=\"bg-cloud cloud-center-center cloud could3 parallax-element\" data-top-bottom=\"transform: translateX(150%)\" data-bottom-top=\"transform: translateX(0%)\"><\/span>\t\t\t\t\t\n\t\t\t\t<\/div> \n\t\t\t\t<div class=\"g5 solutions-image\">\n\t\t\t\t\t<a class=\"wow bounceInUp\" href=\"https:\/\/www.appcrobms.com\/assets\/en\/podsustavi\/letci\/human resources letak-01.png\" rel=\"attachment\">\n\t\t\t\t\t\t<img decoding=\"async\" src=\"https:\/\/www.appcrobms.com\/assets\/en\/podsustavi\/letci\/human resources letak-01.png\">\n\t\t\t\t\t<\/a>\n\t\t\t\t<\/div>\n\t\t\t<\/div>\n\t\t<\/div>\n\t<\/div>\n\n\t\n\t\n\t\n","protected":false},"excerpt":{"rendered":"","protected":false},"author":3,"featured_media":0,"parent":3676,"menu_order":0,"comment_status":"closed","ping_status":"closed","template":"page-templates\/subpages.php","meta":{"footnotes":""},"class_list":["post-6846","page","type-page","status-publish","hentry"],"aioseo_notices":[],"_links":{"self":[{"href":"https:\/\/www.appcrobms.com\/de\/wp-json\/wp\/v2\/pages\/6846","targetHints":{"allow":["GET"]}}],"collection":[{"href":"https:\/\/www.appcrobms.com\/de\/wp-json\/wp\/v2\/pages"}],"about":[{"href":"https:\/\/www.appcrobms.com\/de\/wp-json\/wp\/v2\/types\/page"}],"author":[{"embeddable":true,"href":"https:\/\/www.appcrobms.com\/de\/wp-json\/wp\/v2\/users\/3"}],"replies":[{"embeddable":true,"href":"https:\/\/www.appcrobms.com\/de\/wp-json\/wp\/v2\/comments?post=6846"}],"version-history":[{"count":14,"href":"https:\/\/www.appcrobms.com\/de\/wp-json\/wp\/v2\/pages\/6846\/revisions"}],"predecessor-version":[{"id":11745,"href":"https:\/\/www.appcrobms.com\/de\/wp-json\/wp\/v2\/pages\/6846\/revisions\/11745"}],"up":[{"embeddable":true,"href":"https:\/\/www.appcrobms.com\/de\/wp-json\/wp\/v2\/pages\/3676"}],"wp:attachment":[{"href":"https:\/\/www.appcrobms.com\/de\/wp-json\/wp\/v2\/media?parent=6846"}],"curies":[{"name":"wp","href":"https:\/\/api.w.org\/{rel}","templated":true}]}}