{"id":3748,"date":"2019-10-11T07:07:56","date_gmt":"2019-10-11T06:07:56","guid":{"rendered":"http:\/\/www.appcrobms.com\/?page_id=3748"},"modified":"2021-11-14T17:17:43","modified_gmt":"2021-11-14T16:17:43","slug":"testimonials","status":"publish","type":"page","link":"https:\/\/www.appcrobms.com\/de\/testimonials\/","title":{"rendered":"Testimonials"},"content":{"rendered":"<style type='text\/css' media='all'>#tss-container-1808050922.tss-wrapper .tss-layout10 .item-content-wrapper,\n\t\t\t\t\t#tss-container-1808050922.tss-wrapper .tss-isotope3 .item-content-wrapper,\n\t\t\t\t\t#tss-container-1808050922.tss-wrapper .tss-isotope5 .item-content-wrapper,\n\t\t\t\t\t#tss-container-1808050922.tss-wrapper .tss-carousel10 .item-content-wrapper{background: transparent;}<\/style><div class='rt-container-fluid tss-wrapper ' id='tss-container-1808050922'  data-layout='carousel5' data-desktop-col='3'  data-tab-col='1'  data-mobile-col='1'><div data-title='Loading ...' class='rt-row tss-carousel5 tss-even tss-pre-loader'><div class='tss-carousel' \n\t\t\t\t\t\t\t\t\t\tdata-loop='true'\n\t\t\t                            data-items-desktop='3'\n\t\t\t                            data-items-tab='1'\n\t\t\t                            data-items-mobile='1'\n\t\t\t                            data-autoplay='true'\n\t\t\t                            data-autoplay-timeout='5000'\n\t\t\t                            data-autoplay-hover-pause='true'\n\t\t\t                            data-dots='false'\n\t\t\t                            data-nav='true'\n\t\t\t                            data-lazy-load='false'\n\t\t\t                            data-auto-height='false'\n\t\t\t                            data-rtl='false'\n\t\t\t                            data-smart-speed='2000'\n\t\t\t\t\t\t\t\t\t\t><div class='rt-col-md-12 rt-col-sm-12 rt-col-xs-12 even-grid-item tss-grid-item carousel-item even-grid-item no-margin tss-img-circle'><div class=\"single-item-wrapper\"><div class=\"tss-meta-info tss-left\"><div class='profile-img-wrapper'><img loading=\"lazy\" decoding=\"async\" width=\"50\" height=\"50\" src=\"https:\/\/www.appcrobms.com\/aphujoaj\/vitomir-2.png\" class=\"rt-responsive-img\" alt=\"\" \/><\/div><\/div><div class=\"item-content-wrapper\"><div class='item-content'>Die APPCRO BMS Plattform hat es uns leicht gemacht, eine komplette Organisation aus einem System zu verwalten. Es ist ein gro\u00dfartiges Produkt voller Funktionalit\u00e4t, die sehr schnell realisiert wird. Wie es auch immer ist, meine warme Empfehlung ist f\u00fcr diejenigen, die Gesch\u00e4ftsprozesse verbessern m\u00f6chten.<\/div><h3 class='author-name'>Vitomir Lucic<\/h3><h4 class=\"author-bio\"><span class='author-designation'>CEO<\/span>, <span class='item-company'>Boost<\/span><\/span><\/h4><\/div><\/div><\/div><div class='rt-col-md-12 rt-col-sm-12 rt-col-xs-12 even-grid-item tss-grid-item carousel-item even-grid-item no-margin tss-img-circle'><div class=\"single-item-wrapper\"><div class=\"tss-meta-info tss-left\"><div class='profile-img-wrapper'><img loading=\"lazy\" decoding=\"async\" width=\"50\" height=\"50\" src=\"https:\/\/www.appcrobms.com\/aphujoaj\/robert-2.png\" class=\"rt-responsive-img\" alt=\"\" \/><\/div><\/div><div class=\"item-content-wrapper\"><div class='item-content'>Kurz gesagt, Lob f\u00fcr die schnelle Einf\u00fchrung der APPCRO BMS Plattform in unserem Unternehmen. Ein gro\u00dfes Kompliment f\u00fcr das ganze Appcro Team, das sehr professionell und reaktionsschnell war. Wir sind beeindruckt von der Technologie und der Anzahl der verf\u00fcgbaren Tools und Funktionen der Plattform.<\/div><h3 class='author-name'>Robert Kombol<\/h3><h4 class=\"author-bio\"><span class='author-designation'>CEO<\/span>, <span class='item-company'>BlueBoxIT<\/span><\/span><\/h4><\/div><\/div><\/div><div class='rt-col-md-12 rt-col-sm-12 rt-col-xs-12 even-grid-item tss-grid-item carousel-item even-grid-item no-margin tss-img-circle'><div class=\"single-item-wrapper\"><div class=\"tss-meta-info tss-left\"><div class='profile-img-wrapper'><img loading=\"lazy\" decoding=\"async\" width=\"50\" height=\"50\" src=\"https:\/\/www.appcrobms.com\/aphujoaj\/davor-2.png\" class=\"rt-responsive-img\" alt=\"\" \/><\/div><\/div><div class=\"item-content-wrapper\"><div class='item-content'>Wir hatten die M\u00f6glichkeit, \u00fcber EU-Fonds eine sehr moderne APPCRO BMS Plattform zu realisieren. Wir sind sehr zufrieden mit der IT-L\u00f6sung und haben auch den Infinity BIPR Manager in unseren System implementiert. Die Implementierung erfolgt in sehr kurzer Zeit und die Systeme sind sehr fortgeschritten und modern.<\/div><h3 class='author-name'>Davor Stanko<\/h3><h4 class=\"author-bio\"><span class='author-designation'>CEO<\/span>, <span class='item-company'>Stanko Security<\/span><\/span><\/h4><\/div><\/div><\/div><div class='rt-col-md-12 rt-col-sm-12 rt-col-xs-12 even-grid-item tss-grid-item carousel-item even-grid-item no-margin tss-img-circle'><div class=\"single-item-wrapper\"><div class=\"tss-meta-info tss-left\"><div class='profile-img-wrapper'><img loading=\"lazy\" decoding=\"async\" width=\"50\" height=\"50\" src=\"https:\/\/www.appcrobms.com\/aphujoaj\/filip-2.png\" class=\"rt-responsive-img\" alt=\"\" \/><\/div><\/div><div class=\"item-content-wrapper\"><div class='item-content'>Mit Appcro haben wir von Anfang an eine hervorragende Zusammenarbeit. Die IT L\u00f6sungen sind hervorragend, wir verwenden derzeit mehrere Subsysteme der APPCRO BMS Plattform. Wir haben zus\u00e4tzlich den DSGVO Manager erworben und implementiert, der uns die Anpassung an das\u00a0 DSGVO-Gesetz erheblich erleichtert hat.<\/div><h3 class='author-name'>Filip Kisic<\/h3><h4 class=\"author-bio\"><span class='author-designation'>COO<\/span>, <span class='item-company'>K-Index<\/span><\/span><\/h4><\/div><\/div><\/div><div class='rt-col-md-12 rt-col-sm-12 rt-col-xs-12 even-grid-item tss-grid-item carousel-item even-grid-item no-margin tss-img-circle'><div class=\"single-item-wrapper\"><div class=\"tss-meta-info tss-left\"><div class='profile-img-wrapper'><img loading=\"lazy\" decoding=\"async\" width=\"50\" height=\"50\" src=\"https:\/\/www.appcrobms.com\/aphujoaj\/zlatko-2.png\" class=\"rt-responsive-img\" alt=\"\" \/><\/div><\/div><div class=\"item-content-wrapper\"><div class='item-content'>Die APPCRO BMS Plattform ist lobenswert. Wir haben unsere Gesch\u00e4ftsprozesse beschleunigt und unsere Einnahmen durch Einsparungen bei Arbeit und Materialkosten erh\u00f6ht. Dar\u00fcber hinaus ist unsere Kunden-Support-Erfahrung sehr positiv. Ich w\u00fcrde \u00fcber den Erwartungen sagen, also meine warmen Empfehlungen.<\/div><h3 class='author-name'>Zlatko Horvat<\/h3><h4 class=\"author-bio\"><span class='author-designation'>CEO<\/span>, <span class='item-company'>Info Nova<\/span><\/span><\/h4><\/div><\/div><\/div><\/div><div class=\"rt-loading-overlay\"><\/div><div class=\"rt-loading rt-ball-clip-rotate\"><div><\/div><\/div><\/div><\/div>\n","protected":false},"excerpt":{"rendered":"","protected":false},"author":4,"featured_media":0,"parent":0,"menu_order":0,"comment_status":"closed","ping_status":"closed","template":"","meta":{"footnotes":""},"class_list":["post-3748","page","type-page","status-publish","hentry"],"aioseo_notices":[],"_links":{"self":[{"href":"https:\/\/www.appcrobms.com\/de\/wp-json\/wp\/v2\/pages\/3748","targetHints":{"allow":["GET"]}}],"collection":[{"href":"https:\/\/www.appcrobms.com\/de\/wp-json\/wp\/v2\/pages"}],"about":[{"href":"https:\/\/www.appcrobms.com\/de\/wp-json\/wp\/v2\/types\/page"}],"author":[{"embeddable":true,"href":"https:\/\/www.appcrobms.com\/de\/wp-json\/wp\/v2\/users\/4"}],"replies":[{"embeddable":true,"href":"https:\/\/www.appcrobms.com\/de\/wp-json\/wp\/v2\/comments?post=3748"}],"version-history":[{"count":3,"href":"https:\/\/www.appcrobms.com\/de\/wp-json\/wp\/v2\/pages\/3748\/revisions"}],"predecessor-version":[{"id":7458,"href":"https:\/\/www.appcrobms.com\/de\/wp-json\/wp\/v2\/pages\/3748\/revisions\/7458"}],"wp:attachment":[{"href":"https:\/\/www.appcrobms.com\/de\/wp-json\/wp\/v2\/media?parent=3748"}],"curies":[{"name":"wp","href":"https:\/\/api.w.org\/{rel}","templated":true}]}}