{"id":3718,"date":"2019-10-11T07:03:40","date_gmt":"2019-10-11T06:03:40","guid":{"rendered":"http:\/\/www.appcrobms.com\/?page_id=3718"},"modified":"2025-02-13T12:15:34","modified_gmt":"2025-02-13T11:15:34","slug":"intranet-portal","status":"publish","type":"page","link":"https:\/\/www.appcrobms.com\/de\/products\/intranet-portal\/","title":{"rendered":"Intranet Portal"},"content":{"rendered":"\n\t<div class=\"solutions-row\">\n\t\t<div class=\"container\">\n\t\t\t<div class=\"row\">\n\t\t\t\t<div class=\"g7 solutions-content\">\n\t\t\t\t\t<h2>Intranet-Portal<\/h2>\n\t\t\t\t\t<p>Dieses System umfasst eine Vielzahl n\u00fctzlicher Funktionen, die die interne Kommunikation innerhalb der Organisation verbessern. Es zeichnet sich als zentrales Hub f\u00fcr die Information der Mitarbeiter sowie f\u00fcr die Speicherung und Verwaltung aller wichtigen Informationen und Dokumente aus, die f\u00fcr die interne Gesch\u00e4fts\u00fcberwachung notwendig sind. \u00dcber ein intuitives Dashboard haben die Mitarbeiter Zugriff auf aktuelle Inhalte, Ank\u00fcndigungen und Anfragen an einem Ort, was ihre Arbeit erleichtert und die Team-Effizienz steigert. Dar\u00fcber hinaus erm\u00f6glicht dieses System einen schnellen und einfachen Austausch von Informationen zwischen den Mitarbeitern und f\u00f6rdert so Zusammenarbeit und Teamarbeit. Das System bietet auch Anpassungs- und Individualisierungsoptionen, die auf die Bed\u00fcrfnisse der Organisation abgestimmt sind, sodass jeder Mitarbeiter relevante Informationen und Benachrichtigungen erh\u00e4lt. All diese Funktionen zusammen schaffen ein dynamisches und transparentes Umfeld, das die Produktivit\u00e4t und den Erfolg der Organisation unterst\u00fctzt.<\/p>\n\n\t\t\t\t\t\n\t\t\t\t\t<span class=\"bg-cloud cloud-top-right cloud medium-cloud could3 parallax-element\" data-top-bottom=\"transform: translateX(-100%)\" data-bottom-top=\"transform: translateX(-40%)\"><\/span><span class=\"bg-cloud cloud-bottom-left cloud medium-cloud could3 parallax-element\" data-top-bottom=\"transform: translateX(150%)\" data-bottom-top=\"transform: translateX(0%)\"><\/span><span class=\"bg-cloud cloud-center-center cloud could3 parallax-element\" data-top-bottom=\"transform: translateX(150%)\" data-bottom-top=\"transform: translateX(0%)\"><\/span>\t\t\t\t\t\n\t\t\t\t<\/div> \n\t\t\t\t<div class=\"g5 solutions-image\">\n\t\t\t\t\t<a class=\"wow bounceInUp\" href=\"https:\/\/www.appcrobms.com\/assets\/global\/pages\/presentation\/img\/intranet-portal.png\" rel=\"attachment\">\n\t\t\t\t\t\t<img decoding=\"async\" src=\"https:\/\/www.appcrobms.com\/assets\/global\/pages\/presentation\/img\/intranet-portal.png\">\n\t\t\t\t\t<\/a>\n\t\t\t\t<\/div>\n\t\t\t<\/div>\n\t\t<\/div>\n\t<\/div>\n\n\t\n\t\n\t\n\n\t<div class=\"solutions-row alt\">\n\t\t<div class=\"container\">\n\t\t\t<div class=\"row\">\n\t\t\t\t<div class=\"g7 solutions-content\">\n\t\t\t\t\t<h2><\/h2>\n\t\t\t\t\t<p>Spezifizieren Sie die Zugriffsberechtigungen f\u00fcr eine bestimmte Seite. Durch Berechtigungen k\u00f6nnen Sie festlegen, welcher Inhalt f\u00fcr einen einzelnen Benutzer oder ein Teammitglied zum Anzeigen, Aktualisieren oder L\u00f6schen verf\u00fcgbar ist.<\/p>\n\n\t\t\t\t\t\n\t\t\t\t\t<span class=\"bg-cloud cloud-top-right cloud could3 parallax-element\" data-top-bottom=\"transform: translateX(100%)\" data-bottom-top=\"transform: translateX(-40%)\"><\/span><span class=\"bg-cloud cloud-bottom-center cloud medium-cloud could3 parallax-element\" data-top-bottom=\"transform: translateX(-150%)\" data-bottom-top=\"transform: translateX(0%)\"><\/span>\t\t\t\t\t\n\t\t\t\t<\/div> \n\t\t\t\t<div class=\"g5 solutions-image\">\n\t\t\t\t\t<a class=\"wow bounceInUp\" href=\"https:\/\/www.appcrobms.com\/assets\/en\/podsustavi\/00-dashboard\/intranet-permissions.png\" rel=\"attachment\">\n\t\t\t\t\t\t<img decoding=\"async\" src=\"https:\/\/www.appcrobms.com\/assets\/en\/podsustavi\/00-dashboard\/intranet-permissions.png\">\n\t\t\t\t\t<\/a>\n\t\t\t\t<\/div>\n\t\t\t<\/div>\n\t\t<\/div>\n\t<\/div>\n\n\t\n\t\n\t\n\n\t<div class=\"solutions-row\">\n\t\t<div class=\"container\">\n\t\t\t<div class=\"row\">\n\t\t\t\t<div class=\"g7 solutions-content\">\n\t\t\t\t\t<h2>Portalseiten<\/h2>\n\t\t\t\t\t<p>Portal-Seiten - eine digitale Plattform f\u00fcr die interne Kommunikation. Ihre modulare Benutzeroberfl\u00e4che erm\u00f6glicht das Durchbl\u00e4ttern von offiziellen Ank\u00fcndigungen, Nachrichten und Veranstaltungen f\u00fcr jede Abteilung. Dar\u00fcber hinaus k\u00f6nnen Benutzer ihre eigenen Nachrichten und Veranstaltungen erstellen, Benachrichtigungen erhalten und auf Bildgalerien sowie h\u00e4ufig gestellte Fragen (FAQs) zugreifen. Die Zusammenarbeit wird durch das Teilen von Dokumenten und Notizen innerhalb der Plattform gef\u00f6rdert.<\/p>\n\n\t\t\t\t\t\n\t\t\t\t\t<span class=\"bg-cloud cloud-top-right cloud medium-cloud could3 parallax-element\" data-top-bottom=\"transform: translateX(-100%)\" data-bottom-top=\"transform: translateX(-40%)\"><\/span><span class=\"bg-cloud cloud-bottom-left cloud medium-cloud could3 parallax-element\" data-top-bottom=\"transform: translateX(150%)\" data-bottom-top=\"transform: translateX(0%)\"><\/span><span class=\"bg-cloud cloud-center-center cloud could3 parallax-element\" data-top-bottom=\"transform: translateX(150%)\" data-bottom-top=\"transform: translateX(0%)\"><\/span>\t\t\t\t\t\n\t\t\t\t<\/div> \n\t\t\t\t<div class=\"g5 solutions-image\">\n\t\t\t\t\t<a class=\"wow bounceInUp\" href=\"https:\/\/www.appcrobms.com\/assets\/global\/pages\/presentation\/img\/portal-sites.png\" rel=\"attachment\">\n\t\t\t\t\t\t<img decoding=\"async\" src=\"https:\/\/www.appcrobms.com\/assets\/global\/pages\/presentation\/img\/portal-sites.png\">\n\t\t\t\t\t<\/a>\n\t\t\t\t<\/div>\n\t\t\t<\/div>\n\t\t<\/div>\n\t<\/div>\n\n\t\n\t\n\t\n\n\t<div class=\"solutions-row alt\">\n\t\t<div class=\"container\">\n\t\t\t<div class=\"row\">\n\t\t\t\t<div class=\"g7 solutions-content\">\n\t\t\t\t\t<h2>E-Learning<\/h2>\n\t\t\t\t\t<p>Diese L\u00f6sung bietet den Nutzern die M\u00f6glichkeit, schnell und einfach Bildungsinhalte zu erstellen, die auf ihre Bed\u00fcrfnisse zugeschnitten sind. Zudem erm\u00f6glicht sie die Organisation von Bildungsaktivit\u00e4ten und f\u00f6rdert die Zusammenarbeit unter den Nutzern, was zur Bereicherung und Vielfalt der Bildungserfahrung beitr\u00e4gt. Durch integrierte Werkzeuge k\u00f6nnen die Nutzer ihren Fortschritt und ihr Verst\u00e4ndnis des Materials verfolgen, w\u00e4hrend Administratoren die M\u00f6glichkeit haben, Berichte \u00fcber abgeschlossene Schulungen zu erstellen, um die Effektivit\u00e4t des Schulungsprogramms besser zu \u00fcberwachen.<\/p>\n\n\t\t\t\t\t\n\t\t\t\t\t<span class=\"bg-cloud cloud-top-right cloud could3 parallax-element\" data-top-bottom=\"transform: translateX(100%)\" data-bottom-top=\"transform: translateX(-40%)\"><\/span><span class=\"bg-cloud cloud-bottom-center cloud medium-cloud could3 parallax-element\" data-top-bottom=\"transform: translateX(-150%)\" data-bottom-top=\"transform: translateX(0%)\"><\/span>\t\t\t\t\t\n\t\t\t\t<\/div> \n\t\t\t\t<div class=\"g5 solutions-image\">\n\t\t\t\t\t<a class=\"wow bounceInUp\" href=\"https:\/\/www.appcrobms.com\/assets\/global\/pages\/presentation\/img\/e-learning2.png\" rel=\"attachment\">\n\t\t\t\t\t\t<img decoding=\"async\" src=\"https:\/\/www.appcrobms.com\/assets\/global\/pages\/presentation\/img\/e-learning2.png\">\n\t\t\t\t\t<\/a>\n\t\t\t\t<\/div>\n\t\t\t<\/div>\n\t\t<\/div>\n\t<\/div>\n\n\t\n\t\n\t\n\n\t<div class=\"solutions-row\">\n\t\t<div class=\"container\">\n\t\t\t<div class=\"row\">\n\t\t\t\t<div class=\"g7 solutions-content\">\n\t\t\t\t\t<h2>Dateien- und Ordnerverwaltung<\/h2>\n\t\t\t\t\t<p>DEs umfasst ein internes Dokumentenportal, um gemeinsam genutzte Dateien in organisierten Netzwerkordnern zu speichern und Dateien zur Verifizierung zu versenden.<\/p>\n\n\t\t\t\t\t\n\t\t\t\t\t<span class=\"bg-cloud cloud-top-right cloud medium-cloud could3 parallax-element\" data-top-bottom=\"transform: translateX(-100%)\" data-bottom-top=\"transform: translateX(-40%)\"><\/span><span class=\"bg-cloud cloud-bottom-left cloud medium-cloud could3 parallax-element\" data-top-bottom=\"transform: translateX(150%)\" data-bottom-top=\"transform: translateX(0%)\"><\/span><span class=\"bg-cloud cloud-center-center cloud could3 parallax-element\" data-top-bottom=\"transform: translateX(150%)\" data-bottom-top=\"transform: translateX(0%)\"><\/span>\t\t\t\t\t\n\t\t\t\t<\/div> \n\t\t\t\t<div class=\"g5 solutions-image\">\n\t\t\t\t\t<a class=\"wow bounceInUp\" href=\"https:\/\/www.appcrobms.com\/assets\/en\/podsustavi\/00-dashboard\/intranet-files.png\" rel=\"attachment\">\n\t\t\t\t\t\t<img decoding=\"async\" src=\"https:\/\/www.appcrobms.com\/assets\/en\/podsustavi\/00-dashboard\/intranet-files.png\">\n\t\t\t\t\t<\/a>\n\t\t\t\t<\/div>\n\t\t\t<\/div>\n\t\t<\/div>\n\t<\/div>\n\n\t\n\t\n\t\n\n\t<div class=\"solutions-row alt\">\n\t\t<div class=\"container\">\n\t\t\t<div class=\"row\">\n\t\t\t\t<div class=\"g7 solutions-content\">\n\t\t\t\t\t<h2>Mitarbeiter- &amp; Besch\u00e4ftigungsnachweise<\/h2>\n\t\t\t\t\t<p>Ein zentralisiertes Repository und eine effiziente Verwaltung von mitarbeiterbezogenen Informationen spielen eine entscheidende Rolle in der organisatorischen Dynamik. Es erm\u00f6glicht nicht nur die Speicherung von Mitarbeiterdaten, sondern bietet auch Werkzeuge f\u00fcr deren systematische Verwaltung. Dies umfasst die Erstellung detaillierter Mitarbeiterprofile mit Informationen \u00fcber ihre Positionen, Rollen, Berufserfahrung und Ausbildung. Zus\u00e4tzlich erm\u00f6glicht das System die Verfolgung von Aufgaben, Projekten und zugewiesenen Pflichten f\u00fcr jeden Mitarbeiter. Diese Funktionalit\u00e4t erleichtert eine bessere Ressourcenplanung und Aufgabenverteilung innerhalb der Organisation, was die Produktivit\u00e4t und Effizienz verbessert.<\/p>\n\n\t\t\t\t\t\n\t\t\t\t\t<span class=\"bg-cloud cloud-top-right cloud could3 parallax-element\" data-top-bottom=\"transform: translateX(100%)\" data-bottom-top=\"transform: translateX(-40%)\"><\/span><span class=\"bg-cloud cloud-bottom-center cloud medium-cloud could3 parallax-element\" data-top-bottom=\"transform: translateX(-150%)\" data-bottom-top=\"transform: translateX(0%)\"><\/span>\t\t\t\t\t\n\t\t\t\t<\/div> \n\t\t\t\t<div class=\"g5 solutions-image\">\n\t\t\t\t\t<a class=\"wow bounceInUp\" href=\"https:\/\/www.appcrobms.com\/assets\/global\/pages\/presentation\/img\/employees-overview2.png\" rel=\"attachment\">\n\t\t\t\t\t\t<img decoding=\"async\" src=\"https:\/\/www.appcrobms.com\/assets\/global\/pages\/presentation\/img\/employees-overview2.png\">\n\t\t\t\t\t<\/a>\n\t\t\t\t<\/div>\n\t\t\t<\/div>\n\t\t<\/div>\n\t<\/div>\n\n\t\n\t\n\t\n\n\t<div class=\"solutions-row\">\n\t\t<div class=\"container\">\n\t\t\t<div class=\"row\">\n\t\t\t\t<div class=\"g7 solutions-content\">\n\t\t\t\t\t<h2>Chat<\/h2>\n\t\t\t\t\t<p>Arbeiten Sie effektiv zusammen durch interne Kommunikation, die es Ihnen erm\u00f6glicht, wichtige Informationen f\u00fcr die gesamte Organisation zu teilen.<\/p>\n\n\t\t\t\t\t\n\t\t\t\t\t<span class=\"bg-cloud cloud-top-right cloud medium-cloud could3 parallax-element\" data-top-bottom=\"transform: translateX(-100%)\" data-bottom-top=\"transform: translateX(-40%)\"><\/span><span class=\"bg-cloud cloud-bottom-left cloud medium-cloud could3 parallax-element\" data-top-bottom=\"transform: translateX(150%)\" data-bottom-top=\"transform: translateX(0%)\"><\/span><span class=\"bg-cloud cloud-center-center cloud could3 parallax-element\" data-top-bottom=\"transform: translateX(150%)\" data-bottom-top=\"transform: translateX(0%)\"><\/span>\t\t\t\t\t\n\t\t\t\t<\/div> \n\t\t\t\t<div class=\"g5 solutions-image\">\n\t\t\t\t\t<a class=\"wow bounceInUp\" href=\"https:\/\/www.appcrobms.com\/assets\/en\/podsustavi\/00-dashboard\/intranet-chat.png\" rel=\"attachment\">\n\t\t\t\t\t\t<img decoding=\"async\" src=\"https:\/\/www.appcrobms.com\/assets\/en\/podsustavi\/00-dashboard\/intranet-chat.png\">\n\t\t\t\t\t<\/a>\n\t\t\t\t<\/div>\n\t\t\t<\/div>\n\t\t<\/div>\n\t<\/div>\n\n\t\n\t\n\t\n\n\t<div class=\"solutions-row alt\">\n\t\t<div class=\"container\">\n\t\t\t<div class=\"row\">\n\t\t\t\t<div class=\"g7 solutions-content\">\n\t\t\t\t\t<h2><\/h2>\n\t\t\t\t\t<p>Ein Flyer mit weiteren Informationen \u00fcber dieses Teilsystem und seine Module:<\/p>\n\n\t\t\t\t\t\t\t\t\t\t\t<a class=\"button alt icon\" href=\"http:\/\/www.appcrobms.com\/aphujoaj\/appcroBMS_intranet-portal-v3-web.pdf\"><span>Herunterladen<\/span><\/a>\n\t\t\t\t\t\n\t\t\t\t\t<span class=\"bg-cloud cloud-top-right cloud could3 parallax-element\" data-top-bottom=\"transform: translateX(100%)\" data-bottom-top=\"transform: translateX(-40%)\"><\/span><span class=\"bg-cloud cloud-bottom-center cloud medium-cloud could3 parallax-element\" data-top-bottom=\"transform: translateX(-150%)\" data-bottom-top=\"transform: translateX(0%)\"><\/span>\t\t\t\t\t\n\t\t\t\t<\/div> \n\t\t\t\t<div class=\"g5 solutions-image\">\n\t\t\t\t\t<a class=\"wow bounceInUp\" href=\"https:\/\/www.appcrobms.com\/assets\/en\/podsustavi\/letci\/appcroBMS_intranet portal v3-01.png\" rel=\"attachment\">\n\t\t\t\t\t\t<img decoding=\"async\" src=\"https:\/\/www.appcrobms.com\/assets\/en\/podsustavi\/letci\/appcroBMS_intranet portal v3-01.png\">\n\t\t\t\t\t<\/a>\n\t\t\t\t<\/div>\n\t\t\t<\/div>\n\t\t<\/div>\n\t<\/div>\n\n\t\n\t\n\t\n","protected":false},"excerpt":{"rendered":"","protected":false},"author":4,"featured_media":0,"parent":3676,"menu_order":13,"comment_status":"closed","ping_status":"closed","template":"page-templates\/subpages.php","meta":{"footnotes":""},"class_list":["post-3718","page","type-page","status-publish","hentry"],"aioseo_notices":[],"_links":{"self":[{"href":"https:\/\/www.appcrobms.com\/de\/wp-json\/wp\/v2\/pages\/3718","targetHints":{"allow":["GET"]}}],"collection":[{"href":"https:\/\/www.appcrobms.com\/de\/wp-json\/wp\/v2\/pages"}],"about":[{"href":"https:\/\/www.appcrobms.com\/de\/wp-json\/wp\/v2\/types\/page"}],"author":[{"embeddable":true,"href":"https:\/\/www.appcrobms.com\/de\/wp-json\/wp\/v2\/users\/4"}],"replies":[{"embeddable":true,"href":"https:\/\/www.appcrobms.com\/de\/wp-json\/wp\/v2\/comments?post=3718"}],"version-history":[{"count":17,"href":"https:\/\/www.appcrobms.com\/de\/wp-json\/wp\/v2\/pages\/3718\/revisions"}],"predecessor-version":[{"id":11401,"href":"https:\/\/www.appcrobms.com\/de\/wp-json\/wp\/v2\/pages\/3718\/revisions\/11401"}],"up":[{"embeddable":true,"href":"https:\/\/www.appcrobms.com\/de\/wp-json\/wp\/v2\/pages\/3676"}],"wp:attachment":[{"href":"https:\/\/www.appcrobms.com\/de\/wp-json\/wp\/v2\/media?parent=3718"}],"curies":[{"name":"wp","href":"https:\/\/api.w.org\/{rel}","templated":true}]}}