{"id":3676,"date":"2019-10-11T06:56:47","date_gmt":"2019-10-11T05:56:47","guid":{"rendered":"http:\/\/www.appcrobms.com\/?page_id=3676"},"modified":"2024-02-14T11:56:18","modified_gmt":"2024-02-14T10:56:18","slug":"products","status":"publish","type":"page","link":"https:\/\/www.appcrobms.com\/de\/products\/","title":{"rendered":"Produkte"},"content":{"rendered":"\n\t<div class=\"solutions-row\">\n\t\t<div class=\"container\">\n\t\t\t<div class=\"row\">\n\t\t\t\t<div class=\"g7 solutions-content\">\n\t\t\t\t\t<h2>APPCRO BMS Subsysteme<\/h2>\n\t\t\t\t\t<p>Die APPCRO BMS-Plattform besteht aus prim\u00e4ren prozessorientierten Subsystemen und unterst\u00fctzenden Subsystemen, die alle miteinander verbunden, aber auch unabh\u00e4ngig sind. Jedes Unternehmen w\u00e4hlt je nach Bedarf und in \u00dcbereinstimmung mit den vorhandenen L\u00f6sungen, die es besitzt oder mit denen es eine Integration vornehmen m\u00f6chte, ein oder mehrere Plattformsysteme aus.<\/p>\n<p>Die Subsysteme der Plattform sind: <strong>Core; Zusammenarbeit; Marketing; Vertriebsaktivit\u00e4ten; Vertr\u00e4ge; Projekte und Programme; Rechnungsverwaltung; Service Desk; Verm\u00f6gensverten-Management; 360-Grad Verfolgung; Email-verfolgung; Digitales eOffice (DMS); Beschaffungsmanagement; Humanressourcen; Intranet Portal; DSGVO Manager; Unternehmenssteuerung; Externes Portal; Lagerung; Internetdienste.<\/strong><br \/>\n<\/p>\n\n\t\t\t\t\t\t\t\t\t\t\t<a class=\"button alt icon\" href=\"https:\/\/www.appcrobms.com\/de\/presentation\/\"><span>Mehr<\/span><\/a>\n\t\t\t\t\t\n\t\t\t\t\t<span class=\"bg-cloud cloud-top-right cloud medium-cloud could3 parallax-element\" data-top-bottom=\"transform: translateX(-100%)\" data-bottom-top=\"transform: translateX(-40%)\"><\/span><span class=\"bg-cloud cloud-bottom-left cloud medium-cloud could3 parallax-element\" data-top-bottom=\"transform: translateX(150%)\" data-bottom-top=\"transform: translateX(0%)\"><\/span><span class=\"bg-cloud cloud-center-center cloud could3 parallax-element\" data-top-bottom=\"transform: translateX(150%)\" data-bottom-top=\"transform: translateX(0%)\"><\/span>\t\t\t\t\t\n\t\t\t\t<\/div> \n\t\t\t\t<div class=\"g5 solutions-image\">\n\t\t\t\t\t<a class=\"wow bounceInUp\" href=\"https:\/\/www.appcrobms.com\/assets\/en\/podsustavi\/00-dashboard\/Infinity-ECM-subsystems.png\" rel=\"attachment\">\n\t\t\t\t\t\t<img decoding=\"async\" src=\"https:\/\/www.appcrobms.com\/assets\/en\/podsustavi\/00-dashboard\/Infinity-ECM-subsystems.png\">\n\t\t\t\t\t<\/a>\n\t\t\t\t<\/div>\n\t\t\t<\/div>\n\t\t<\/div>\n\t<\/div>\n\n\t\n\t\n\t\n","protected":false},"excerpt":{"rendered":"","protected":false},"author":4,"featured_media":0,"parent":0,"menu_order":0,"comment_status":"closed","ping_status":"closed","template":"page-templates\/subpages.php","meta":{"footnotes":""},"class_list":["post-3676","page","type-page","status-publish","hentry"],"aioseo_notices":[],"_links":{"self":[{"href":"https:\/\/www.appcrobms.com\/de\/wp-json\/wp\/v2\/pages\/3676","targetHints":{"allow":["GET"]}}],"collection":[{"href":"https:\/\/www.appcrobms.com\/de\/wp-json\/wp\/v2\/pages"}],"about":[{"href":"https:\/\/www.appcrobms.com\/de\/wp-json\/wp\/v2\/types\/page"}],"author":[{"embeddable":true,"href":"https:\/\/www.appcrobms.com\/de\/wp-json\/wp\/v2\/users\/4"}],"replies":[{"embeddable":true,"href":"https:\/\/www.appcrobms.com\/de\/wp-json\/wp\/v2\/comments?post=3676"}],"version-history":[{"count":14,"href":"https:\/\/www.appcrobms.com\/de\/wp-json\/wp\/v2\/pages\/3676\/revisions"}],"predecessor-version":[{"id":9660,"href":"https:\/\/www.appcrobms.com\/de\/wp-json\/wp\/v2\/pages\/3676\/revisions\/9660"}],"wp:attachment":[{"href":"https:\/\/www.appcrobms.com\/de\/wp-json\/wp\/v2\/media?parent=3676"}],"curies":[{"name":"wp","href":"https:\/\/api.w.org\/{rel}","templated":true}]}}