{"id":3651,"date":"2019-10-10T13:54:27","date_gmt":"2019-10-10T12:54:27","guid":{"rendered":"http:\/\/www.appcrobms.com\/?page_id=3651"},"modified":"2025-01-02T08:57:44","modified_gmt":"2025-01-02T07:57:44","slug":"find-partner","status":"publish","type":"page","link":"https:\/\/www.appcrobms.com\/de\/find-partner\/","title":{"rendered":"Finden Sie Ihren Appcro Partner"},"content":{"rendered":"<p>Appcro Ltd. verkauft \u00fcber seine Vertriebspartner. Wir verf\u00fcgen \u00fcber ein weltweites Netzwerk von Partnern, die alle gut geschult sind, um das APPCRO BMS zu installieren und zu unterst\u00fctzen, entweder in der Cloud oder vor Ort. Finden Sie einen APPCRO BMS-Partner in Ihrer N\u00e4he und entdecken Sie noch heute die einzigartigen Funktionen des APPCRO BMS!<\/p>\n","protected":false},"excerpt":{"rendered":"<p>Appcro Ltd. verkauft \u00fcber seine Vertriebspartner. Wir verf\u00fcgen \u00fcber ein &#8230;<\/p>\n","protected":false},"author":4,"featured_media":0,"parent":0,"menu_order":0,"comment_status":"closed","ping_status":"closed","template":"page-templates\/partners.php","meta":{"footnotes":""},"class_list":["post-3651","page","type-page","status-publish","hentry"],"aioseo_notices":[],"_links":{"self":[{"href":"https:\/\/www.appcrobms.com\/de\/wp-json\/wp\/v2\/pages\/3651","targetHints":{"allow":["GET"]}}],"collection":[{"href":"https:\/\/www.appcrobms.com\/de\/wp-json\/wp\/v2\/pages"}],"about":[{"href":"https:\/\/www.appcrobms.com\/de\/wp-json\/wp\/v2\/types\/page"}],"author":[{"embeddable":true,"href":"https:\/\/www.appcrobms.com\/de\/wp-json\/wp\/v2\/users\/4"}],"replies":[{"embeddable":true,"href":"https:\/\/www.appcrobms.com\/de\/wp-json\/wp\/v2\/comments?post=3651"}],"version-history":[{"count":6,"href":"https:\/\/www.appcrobms.com\/de\/wp-json\/wp\/v2\/pages\/3651\/revisions"}],"predecessor-version":[{"id":10432,"href":"https:\/\/www.appcrobms.com\/de\/wp-json\/wp\/v2\/pages\/3651\/revisions\/10432"}],"wp:attachment":[{"href":"https:\/\/www.appcrobms.com\/de\/wp-json\/wp\/v2\/media?parent=3651"}],"curies":[{"name":"wp","href":"https:\/\/api.w.org\/{rel}","templated":true}]}}