{"id":3633,"date":"2019-10-10T13:52:42","date_gmt":"2019-10-10T12:52:42","guid":{"rendered":"http:\/\/www.appcrobms.com\/?page_id=3633"},"modified":"2023-04-13T07:38:43","modified_gmt":"2023-04-13T06:38:43","slug":"contact","status":"publish","type":"page","link":"https:\/\/www.appcrobms.com\/de\/contact\/","title":{"rendered":"Kontakt"},"content":{"rendered":"<style>\np {margin-bottom:0px;}<br \/><\/style>\n<h3>Kontaktieren Sie uns!<\/h3>\n<p>Wir sind froh Ihnen helfen zu k\u00f6nnen! Senden Sie uns Ihre Anfragen, seien es generelle Fragen, Produktanfragen, Preisanfragen oder Offertanfragen \u00fcber unser Webformular weiter unten. F\u00fcr technischen Support besuchen Sie unsere Support Seite.<\/p>\n<p>Ben\u00f6tigen Sie weitere Unterst\u00fctzung bez\u00fcglich APPCRO BMS?<\/p>\n<table>\n<tbody>\n<tr>\n<td style=\"text-align: center; width: 30px; vertical-align: middle; background: #F0F8FF;\"><\/td>\n<td>\n<h4 style=\"margin-bottom: 15px;\"><a style=\"border: 0px; color: #22b4e2;\">Email support (0-24h) <\/a><\/h4>\n<p><a style=\"margin-bottom: 5px; border: 0px; color: #22b4e2;\" href=\"mailto: info@appcrobms.com\">info@appcrobms.com<\/a> &#8211; Informationen<br \/>\n<a style=\"margin-bottom: 5px; border: 0px; color: #22b4e2;\" href=\"mailto: sales@appcrobms.com\">sales@appcrobms.com<\/a> &#8211; Ausverkauf<br \/>\n<a style=\"margin-bottom: 5px; border: 0px; color: #22b4e2;\" href=\"mailto: support@appcrobms.com\">support@appcrobms.com<\/a> &#8211; Unterst\u00fctzen<br \/>\n<a style=\"margin-bottom: 0px; border: 0px; color: #22b4e2;\" href=\"mailto: partners@appcrobms.com\">partners@appcrobms.com<\/a> &#8211; Partner<br \/>\n<a style=\"margin-bottom: 0px; border: 0px; color: #22b4e2;\" href=\"mailto: payments@appcrobms.com\">payments@appcrobms.com<\/a> &#8211; Zahlungen<\/td>\n<\/tr>\n<\/tbody>\n<\/table>\n<table>\n<tbody>\n<tr>\n<td style=\"text-align: center; width: 30px; vertical-align: middle; background: #F0F8FF;\"><\/td>\n<td>\n<h4 style=\"margin-bottom: 0px;\"><a style=\"border: 0px; color: #22b4e2;\" href=\"https:\/\/appcro.com\/\">APPCRO Ltd.<\/a><\/h4>\n<p><span style=\"display: block; padding-bottom: 10px;\"><span style=\"font-family: inherit; font-size: inherit;\">71-75 Shelton Street, Covent Garden<br \/>\nLondon, WC2H 9JQ<br \/>\nEngland, Vereinigtes K\u00f6nigreich<\/span><\/span><span style=\"display: block;\">Montag \u2013 Freitag: 07:00-16:00 GMT<\/span><a style=\"border: 0px; color: #555555;\" href=\"tel:44 203 034 1170\">Tel: +44 203 034 1170<\/a><\/td>\n<\/tr>\n<\/tbody>\n<\/table>\n<table>\n<tbody>\n<tr>\n<td style=\"text-align: center; width: 30px; vertical-align: middle; background: #F0F8FF;\"><\/td>\n<td>\n<h4 style=\"margin-bottom: 0px;\"><a style=\"border: 0px; color: #22b4e2;\" href=\"https:\/\/appcro.com\/\">APPCRO Inc.<\/a><\/h4>\n<p><span style=\"display: block; padding-bottom: 10px;\"><span style=\"font-family: inherit; font-size: inherit;\">16192 Coastal Highway<br \/>\nLewes, DE 19958<br \/>\n<\/span>Vereinigte Staaten von Amerika<\/span><span style=\"display: block;\">Montag \u2013 Freitag: 06 AM &#8211; 04 PM EST<\/span><a style=\"border: 0px; color: #555555;\" href=\"tel:16468097220\">Tel: +1 646 809 7220<\/a><\/td>\n<\/tr>\n<\/tbody>\n<\/table>\n<table>\n<tbody>\n<tr>\n<td style=\"text-align: center; width: 30px; vertical-align: middle; background: #F0F8FF;\"><\/td>\n<td>\n<h4 style=\"margin-bottom: 0px;\"><a style=\"border: 0px; color: #22b4e2;\" href=\"https:\/\/appcro.com\/\">APPCRO d.o.o.<\/a><\/h4>\n<p><span style=\"display: block;\">Bolnicka cesta 34\/A<\/span><span style=\"display: block; padding-bottom: 10px;\">HR-10090 Zagreb<br \/>\nKroatien, <span style=\"font-family: inherit; font-size: inherit;\">Europ\u00e4ische Union<\/span><\/span><span style=\"display: block;\">Montag \u2013 Freitag: 08:00-17:00 CET<\/span><a style=\"border: 0px; color: #555555;\" href=\"tel:38518880910\">Tel: +385 1 888 0910<\/a><\/td>\n<\/tr>\n<\/tbody>\n<\/table>\n","protected":false},"excerpt":{"rendered":"<p>Kontaktieren Sie uns! Wir sind froh Ihnen helfen zu k\u00f6nnen! &#8230;<\/p>\n","protected":false},"author":4,"featured_media":0,"parent":0,"menu_order":0,"comment_status":"closed","ping_status":"closed","template":"page-templates\/contact.php","meta":{"footnotes":""},"class_list":["post-3633","page","type-page","status-publish","hentry"],"aioseo_notices":[],"_links":{"self":[{"href":"https:\/\/www.appcrobms.com\/de\/wp-json\/wp\/v2\/pages\/3633","targetHints":{"allow":["GET"]}}],"collection":[{"href":"https:\/\/www.appcrobms.com\/de\/wp-json\/wp\/v2\/pages"}],"about":[{"href":"https:\/\/www.appcrobms.com\/de\/wp-json\/wp\/v2\/types\/page"}],"author":[{"embeddable":true,"href":"https:\/\/www.appcrobms.com\/de\/wp-json\/wp\/v2\/users\/4"}],"replies":[{"embeddable":true,"href":"https:\/\/www.appcrobms.com\/de\/wp-json\/wp\/v2\/comments?post=3633"}],"version-history":[{"count":15,"href":"https:\/\/www.appcrobms.com\/de\/wp-json\/wp\/v2\/pages\/3633\/revisions"}],"predecessor-version":[{"id":8638,"href":"https:\/\/www.appcrobms.com\/de\/wp-json\/wp\/v2\/pages\/3633\/revisions\/8638"}],"wp:attachment":[{"href":"https:\/\/www.appcrobms.com\/de\/wp-json\/wp\/v2\/media?parent=3633"}],"curies":[{"name":"wp","href":"https:\/\/api.w.org\/{rel}","templated":true}]}}