{"id":11484,"date":"2025-02-20T15:19:27","date_gmt":"2025-02-20T14:19:27","guid":{"rendered":"https:\/\/www.appcrobms.com\/?page_id=11484"},"modified":"2025-02-24T08:11:32","modified_gmt":"2025-02-24T07:11:32","slug":"ki-assistent","status":"publish","type":"page","link":"https:\/\/www.appcrobms.com\/de\/ki-assistent\/","title":{"rendered":"KI-Assistent"},"content":{"rendered":"\n\t<div class=\"solutions-row\">\n\t\t<div class=\"container\">\n\t\t\t<div class=\"row\">\n\t\t\t\t<div class=\"g7 solutions-content\">\n\t\t\t\t\t<h2>KI-Assistent<\/h2>\n\t\t\t\t\t<p>Die APPCRO BMS-Plattform enth\u00e4lt fortschrittliche Mechanismen der k\u00fcnstlichen Intelligenz in Form eines internen KI-Assistenten, der t\u00e4gliche Gesch\u00e4ftsaufgaben erheblich vereinfacht. Dieser KI-Assistent bietet eine Vielzahl von Funktionen, die die Produktivit\u00e4t und Effizienz der Benutzer verbessern.<\/p>\n<p>Er kann bei der schnellen und genauen Beantwortung von Benutzeranfragen helfen, die einfache Bearbeitung von Texten erm\u00f6glichen und Inhalte in mehrere Sprachen \u00fcbersetzen. Dar\u00fcber hinaus hat er die F\u00e4higkeit, wichtige Schlussfolgerungen aus l\u00e4ngeren Texten und S\u00e4tzen zusammenzufassen, wodurch Zeit gespart und die Datenanalyse erleichtert wird.<\/p>\n\n\t\t\t\t\t\n\t\t\t\t\t<span class=\"bg-cloud cloud-top-right cloud medium-cloud could3 parallax-element\" data-top-bottom=\"transform: translateX(-100%)\" data-bottom-top=\"transform: translateX(-40%)\"><\/span><span class=\"bg-cloud cloud-bottom-left cloud medium-cloud could3 parallax-element\" data-top-bottom=\"transform: translateX(150%)\" data-bottom-top=\"transform: translateX(0%)\"><\/span><span class=\"bg-cloud cloud-center-center cloud could3 parallax-element\" data-top-bottom=\"transform: translateX(150%)\" data-bottom-top=\"transform: translateX(0%)\"><\/span>\t\t\t\t\t\n\t\t\t\t<\/div> \n\t\t\t\t<div class=\"g5 solutions-image\">\n\t\t\t\t\t<a class=\"wow bounceInUp\" href=\"https:\/\/www.appcrobms.com\/assets\/global\/home\/AC AI integracija.png\" rel=\"attachment\">\n\t\t\t\t\t\t<img decoding=\"async\" src=\"https:\/\/www.appcrobms.com\/assets\/global\/home\/AC AI integracija.png\">\n\t\t\t\t\t<\/a>\n\t\t\t\t<\/div>\n\t\t\t<\/div>\n\t\t<\/div>\n\t<\/div>\n\n\t\n\t\n\t\n\n\t<div class=\"solutions-row alt\">\n\t\t<div class=\"container\">\n\t\t\t<div class=\"row\">\n\t\t\t\t<div class=\"g7 solutions-content\">\n\t\t\t\t\t<h2>\u00dcberall verf\u00fcgbar<\/h2>\n\t\t\t\t\t<p>Egal, wo Sie sich im System befinden, Sie haben immer schnellen und einfachen Zugang zum KI-Assistenten. Dieses Tool ist jederzeit griffbereit, sodass Sie schnell Unterst\u00fctzung erhalten und Ihre Gesch\u00e4ftsaufgaben jederzeit optimieren k\u00f6nnen.<\/p>\n\n\t\t\t\t\t\n\t\t\t\t\t<span class=\"bg-cloud cloud-top-right cloud could3 parallax-element\" data-top-bottom=\"transform: translateX(100%)\" data-bottom-top=\"transform: translateX(-40%)\"><\/span><span class=\"bg-cloud cloud-bottom-center cloud medium-cloud could3 parallax-element\" data-top-bottom=\"transform: translateX(-150%)\" data-bottom-top=\"transform: translateX(0%)\"><\/span>\t\t\t\t\t\n\t\t\t\t<\/div> \n\t\t\t\t<div class=\"g5 solutions-image\">\n\t\t\t\t\t<a class=\"wow bounceInUp\" href=\"https:\/\/www.appcrobms.com\/assets\/global\/home\/AC AI web 01.png\" rel=\"attachment\">\n\t\t\t\t\t\t<img decoding=\"async\" src=\"https:\/\/www.appcrobms.com\/assets\/global\/home\/AC AI web 01.png\">\n\t\t\t\t\t<\/a>\n\t\t\t\t<\/div>\n\t\t\t<\/div>\n\t\t<\/div>\n\t<\/div>\n\n\t\n\t\n\t\n\n\t<div class=\"solutions-row\">\n\t\t<div class=\"container\">\n\t\t\t<div class=\"row\">\n\t\t\t\t<div class=\"g7 solutions-content\">\n\t\t\t\t\t<h2>Schnelle Antworten und zuverl\u00e4ssige Erkl\u00e4rungen<\/h2>\n\t\t\t\t\t<p>Sind Sie sich bei einigen Informationen unsicher oder wissen Sie die Antwort auf eine Frage nicht? Fragen Sie Ihren KI-Assistenten und Sie erhalten eine schnelle Antwort mit detaillierten Erkl\u00e4rungen und zuverl\u00e4ssigen Quellen, die Ihnen helfen, alle Aspekte des Themas zu verstehen. Ob es um Allgemeinwissen, Ratschl\u00e4ge oder die L\u00f6sung spezifischer Probleme geht, Ihr KI-Assistent ist hier, um Ihre t\u00e4glichen Aufgaben zu erleichtern. <\/p>\n\n\t\t\t\t\t\n\t\t\t\t\t<span class=\"bg-cloud cloud-top-right cloud medium-cloud could3 parallax-element\" data-top-bottom=\"transform: translateX(-100%)\" data-bottom-top=\"transform: translateX(-40%)\"><\/span><span class=\"bg-cloud cloud-bottom-left cloud medium-cloud could3 parallax-element\" data-top-bottom=\"transform: translateX(150%)\" data-bottom-top=\"transform: translateX(0%)\"><\/span><span class=\"bg-cloud cloud-center-center cloud could3 parallax-element\" data-top-bottom=\"transform: translateX(150%)\" data-bottom-top=\"transform: translateX(0%)\"><\/span>\t\t\t\t\t\n\t\t\t\t<\/div> \n\t\t\t\t<div class=\"g5 solutions-image\">\n\t\t\t\t\t<a class=\"wow bounceInUp\" href=\"https:\/\/www.appcrobms.com\/assets\/global\/home\/AC AI web 02.png\" rel=\"attachment\">\n\t\t\t\t\t\t<img decoding=\"async\" src=\"https:\/\/www.appcrobms.com\/assets\/global\/home\/AC AI web 02.png\">\n\t\t\t\t\t<\/a>\n\t\t\t\t<\/div>\n\t\t\t<\/div>\n\t\t<\/div>\n\t<\/div>\n\n\t\n\t\n\t\n\n\t<div class=\"solutions-row alt\">\n\t\t<div class=\"container\">\n\t\t\t<div class=\"row\">\n\t\t\t\t<div class=\"g7 solutions-content\">\n\t\t\t\t\t<h2>Das Schreiben von E-Mails war noch nie so einfach<\/h2>\n\t\t\t\t\t<p>Schreiben Sie schnell E-Mails zu jedem Thema mit der Hilfe des KI-Assistenten, der Ihnen dabei hilft, klare und professionelle Nachrichten im Handumdrehen zu verfassen, sei es f\u00fcr gesch\u00e4ftliche Korrespondenz, eine freundliche Anfrage oder wichtige Benachrichtigungen. Mit der Unterst\u00fctzung der KI k\u00f6nnen Sie Zeit sparen und sicher sein, dass Ihre E-Mail gut strukturiert und pr\u00e4zise ist.<\/p>\n\n\t\t\t\t\t\n\t\t\t\t\t<span class=\"bg-cloud cloud-top-right cloud could3 parallax-element\" data-top-bottom=\"transform: translateX(100%)\" data-bottom-top=\"transform: translateX(-40%)\"><\/span><span class=\"bg-cloud cloud-bottom-center cloud medium-cloud could3 parallax-element\" data-top-bottom=\"transform: translateX(-150%)\" data-bottom-top=\"transform: translateX(0%)\"><\/span>\t\t\t\t\t\n\t\t\t\t<\/div> \n\t\t\t\t<div class=\"g5 solutions-image\">\n\t\t\t\t\t<a class=\"wow bounceInUp\" href=\"https:\/\/www.appcrobms.com\/assets\/global\/home\/AC AI web 03.png\" rel=\"attachment\">\n\t\t\t\t\t\t<img decoding=\"async\" src=\"https:\/\/www.appcrobms.com\/assets\/global\/home\/AC AI web 03.png\">\n\t\t\t\t\t<\/a>\n\t\t\t\t<\/div>\n\t\t\t<\/div>\n\t\t<\/div>\n\t<\/div>\n\n\t\n\t\n\t\n\n\t<div class=\"solutions-row\">\n\t\t<div class=\"container\">\n\t\t\t<div class=\"row\">\n\t\t\t\t<div class=\"g7 solutions-content\">\n\t\t\t\t\t<h2>\u00dcbersetzung und Zusammenfassung<\/h2>\n\t\t\t\t\t<p>\u00dcberall im System k\u00f6nnen Sie einen Text markieren, und mit der Hilfe Ihres KI-Assistenten k\u00f6nnen Sie ihn sofort in die gew\u00fcnschte Sprache \u00fcbersetzen oder die wichtigsten Informationen zusammenfassen, wodurch der Lern- und Datenverarbeitungsprozess schneller und effizienter wird, ohne dass zus\u00e4tzliche Suchen oder das Durchforsten von Quellen erforderlich sind.<\/p>\n\n\t\t\t\t\t\n\t\t\t\t\t<span class=\"bg-cloud cloud-top-right cloud medium-cloud could3 parallax-element\" data-top-bottom=\"transform: translateX(-100%)\" data-bottom-top=\"transform: translateX(-40%)\"><\/span><span class=\"bg-cloud cloud-bottom-left cloud medium-cloud could3 parallax-element\" data-top-bottom=\"transform: translateX(150%)\" data-bottom-top=\"transform: translateX(0%)\"><\/span><span class=\"bg-cloud cloud-center-center cloud could3 parallax-element\" data-top-bottom=\"transform: translateX(150%)\" data-bottom-top=\"transform: translateX(0%)\"><\/span>\t\t\t\t\t\n\t\t\t\t<\/div> \n\t\t\t\t<div class=\"g5 solutions-image\">\n\t\t\t\t\t<a class=\"wow bounceInUp\" href=\"https:\/\/www.appcrobms.com\/assets\/global\/home\/AC AI web 04.png\" rel=\"attachment\">\n\t\t\t\t\t\t<img decoding=\"async\" src=\"https:\/\/www.appcrobms.com\/assets\/global\/home\/AC AI web 04.png\">\n\t\t\t\t\t<\/a>\n\t\t\t\t<\/div>\n\t\t\t<\/div>\n\t\t<\/div>\n\t<\/div>\n\n\t\n\t\n\t\n","protected":false},"excerpt":{"rendered":"","protected":false},"author":31,"featured_media":0,"parent":0,"menu_order":0,"comment_status":"closed","ping_status":"closed","template":"","meta":{"footnotes":""},"class_list":["post-11484","page","type-page","status-publish","hentry"],"aioseo_notices":[],"_links":{"self":[{"href":"https:\/\/www.appcrobms.com\/de\/wp-json\/wp\/v2\/pages\/11484","targetHints":{"allow":["GET"]}}],"collection":[{"href":"https:\/\/www.appcrobms.com\/de\/wp-json\/wp\/v2\/pages"}],"about":[{"href":"https:\/\/www.appcrobms.com\/de\/wp-json\/wp\/v2\/types\/page"}],"author":[{"embeddable":true,"href":"https:\/\/www.appcrobms.com\/de\/wp-json\/wp\/v2\/users\/31"}],"replies":[{"embeddable":true,"href":"https:\/\/www.appcrobms.com\/de\/wp-json\/wp\/v2\/comments?post=11484"}],"version-history":[{"count":3,"href":"https:\/\/www.appcrobms.com\/de\/wp-json\/wp\/v2\/pages\/11484\/revisions"}],"predecessor-version":[{"id":11489,"href":"https:\/\/www.appcrobms.com\/de\/wp-json\/wp\/v2\/pages\/11484\/revisions\/11489"}],"wp:attachment":[{"href":"https:\/\/www.appcrobms.com\/de\/wp-json\/wp\/v2\/media?parent=11484"}],"curies":[{"name":"wp","href":"https:\/\/api.w.org\/{rel}","templated":true}]}}